{"id":16650,"date":"2020-02-24T22:15:15","date_gmt":"2020-02-24T22:15:15","guid":{"rendered":"https:\/\/demo01.houzez.co\/?page_id=16650"},"modified":"2025-12-25T22:40:48","modified_gmt":"2025-12-25T21:40:48","slug":"ueber-uns","status":"publish","type":"page","link":"https:\/\/paraguayinmobiliaria.com\/en\/house-buying-paraguay-house-in-paraguay\/","title":{"rendered":"About us"},"content":{"rendered":"<div data-elementor-type=\"wp-page\" data-elementor-id=\"16650\" class=\"elementor elementor-16650\" data-elementor-post-type=\"page\">\n\t\t\t\t\t\t<section data-particle_enable=\"false\" data-particle-mobile-disabled=\"false\" class=\"elementor-section elementor-top-section elementor-element elementor-element-5b81e21 elementor-section-height-min-height animated-slow elementor-section-boxed elementor-section-height-default elementor-section-items-middle elementor-invisible\" data-id=\"5b81e21\" data-element_type=\"section\" data-e-type=\"section\" data-settings=\"{&quot;background_background&quot;:&quot;classic&quot;,&quot;animation&quot;:&quot;fadeIn&quot;}\">\n\t\t\t\t\t\t\t<div class=\"elementor-background-overlay\"><\/div>\n\t\t\t\t\t\t\t<div class=\"elementor-container elementor-column-gap-extended\">\n\t\t\t\t\t<div class=\"elementor-column elementor-col-100 elementor-top-column elementor-element elementor-element-ad367f8\" data-id=\"ad367f8\" data-element_type=\"column\" data-e-type=\"column\">\n\t\t\t<div class=\"elementor-widget-wrap elementor-element-populated\">\n\t\t\t\t\t\t<div class=\"elementor-element elementor-element-0e7939f elementor-widget elementor-widget-heading\" data-id=\"0e7939f\" data-element_type=\"widget\" data-e-type=\"widget\" data-widget_type=\"heading.default\">\n\t\t\t\t<div class=\"elementor-widget-container\">\n\t\t\t\t\t<h4 class=\"elementor-heading-title elementor-size-default\">Paraguay Inmobiliaria<\/h4>\t\t\t\t<\/div>\n\t\t\t\t<\/div>\n\t\t\t\t\t<\/div>\n\t\t<\/div>\n\t\t\t\t\t<\/div>\n\t\t<\/section>\n\t\t\t\t<section data-particle_enable=\"false\" data-particle-mobile-disabled=\"false\" class=\"elementor-section elementor-top-section elementor-element elementor-element-3cfcd88 elementor-section-boxed elementor-section-height-default elementor-section-height-default\" data-id=\"3cfcd88\" data-element_type=\"section\" data-e-type=\"section\">\n\t\t\t\t\t\t<div class=\"elementor-container elementor-column-gap-default\">\n\t\t\t\t\t<div class=\"elementor-column elementor-col-100 elementor-top-column elementor-element elementor-element-272ded2\" data-id=\"272ded2\" data-element_type=\"column\" data-e-type=\"column\">\n\t\t\t<div class=\"elementor-widget-wrap elementor-element-populated\">\n\t\t\t\t\t\t<div class=\"elementor-element elementor-element-8053711 elementor-widget elementor-widget-houzez_elementor_space\" data-id=\"8053711\" data-element_type=\"widget\" data-e-type=\"widget\" data-widget_type=\"houzez_elementor_space.default\">\n\t\t\t\t<div class=\"elementor-widget-container\">\n\t\t\t\t\t        <div class=\"houzez-spacer\">\n            <div class=\"houzez-spacer-inner\"><\/div>\n        <\/div>\n        \t\t\t\t<\/div>\n\t\t\t\t<\/div>\n\t\t\t\t\t<\/div>\n\t\t<\/div>\n\t\t\t\t\t<\/div>\n\t\t<\/section>\n\t\t\t\t<section data-particle_enable=\"false\" data-particle-mobile-disabled=\"false\" class=\"elementor-section elementor-top-section elementor-element elementor-element-e7c908c elementor-section-boxed elementor-section-height-default elementor-section-height-default\" data-id=\"e7c908c\" data-element_type=\"section\" data-e-type=\"section\">\n\t\t\t\t\t\t<div class=\"elementor-container elementor-column-gap-default\">\n\t\t\t\t\t<div class=\"elementor-column elementor-col-100 elementor-top-column elementor-element elementor-element-a9f252e\" data-id=\"a9f252e\" data-element_type=\"column\" data-e-type=\"column\">\n\t\t\t<div class=\"elementor-widget-wrap elementor-element-populated\">\n\t\t\t\t\t\t<div class=\"elementor-element elementor-element-885d8d0 elementor-widget elementor-widget-text-editor\" data-id=\"885d8d0\" data-element_type=\"widget\" data-e-type=\"widget\" data-widget_type=\"text-editor.default\">\n\t\t\t\t<div class=\"elementor-widget-container\">\n\t\t\t\t\t\t\t\t\t<h1 data-start=\"168\" data-end=\"239\">\ud83c\uddf5\ud83c\uddfe Paraguay Inmobiliaria - Real estate with confidence and experience<\/h1><h2 data-start=\"241\" data-end=\"291\">A company that grows with its customers<\/h2><p data-start=\"293\" data-end=\"621\">What began five years ago in <strong data-start=\"316\" data-end=\"334\">San Bernardino<\/strong> began with a clear vision, has today become a strong partner for real estate throughout the world. <strong data-start=\"425\" data-end=\"437\">Paraguay<\/strong> become.<br data-start=\"447\" data-end=\"450\" \/>Since then, we have been supporting people from all over the world who are looking for a home or a secure investment in Paraguay with a great deal of commitment and a constantly growing network.<\/p><p data-start=\"623\" data-end=\"844\"><strong data-start=\"623\" data-end=\"648\">Paraguay Inmobiliaria<\/strong> stands for reliability, openness and personal service.<br data-start=\"712\" data-end=\"715\" \/>We want you to feel that you are in good hands every step of the way - from your first inquiry to moving into your new home.<\/p><hr data-start=\"846\" data-end=\"849\" \/><h2 data-start=\"851\" data-end=\"883\">Real estate throughout Paraguay<\/h2><p data-start=\"885\" data-end=\"1206\">Whether <strong data-start=\"888\" data-end=\"924\">House, plot of land or rental property<\/strong> - We offer you a diverse selection of properties in Paraguay, carefully checked and located in the most popular regions of the country.<br data-start=\"1059\" data-end=\"1062\" \/>Our team knows the market, the locations and the local conditions inside out and will support you in finding the <strong data-start=\"1171\" data-end=\"1193\">suitable property<\/strong> to find.<\/p><p data-start=\"1208\" data-end=\"1410\">Thanks to the cooperation with experienced partners from the <strong data-start=\"1265\" data-end=\"1295\">Construction and real estate industry<\/strong> we can also realize individual wishes - from building a house in Paraguay to renovating existing properties.<\/p><hr data-start=\"1412\" data-end=\"1415\" \/><h2 data-start=\"1417\" data-end=\"1466\">Personal support with heart and mind<\/h2><p data-start=\"1468\" data-end=\"1737\">Buying real estate in a new country is always something special. That's why we take time for you.<br data-start=\"1571\" data-end=\"1574\" \/>We answer your questions honestly, explain processes clearly and accompany you through all the important steps - <strong data-start=\"1691\" data-end=\"1734\">Transparent, reliable and personal<\/strong>.<\/p><p data-start=\"1739\" data-end=\"1893\">Even after you have bought or rented a property, we will be there for you and support you when you arrive in Paraguay or want to reorient yourself here.<\/p><hr data-start=\"1895\" data-end=\"1898\" \/><h2 data-start=\"1900\" data-end=\"1963\">Immigrating to Paraguay - We accompany you on your way<\/h2><p data-start=\"1965\" data-end=\"2341\">In addition to real estate purchases, we now also support you with your <strong data-start=\"2030\" data-end=\"2060\">Immigration to Paraguay<\/strong>.<br data-start=\"2061\" data-end=\"2064\" \/>Our team will guide you step by step through the entire migration process - from the initial consultation to the residence permit.<br data-start=\"2203\" data-end=\"2206\" \/>So you not only get your new home, but also a <strong data-start=\"2270\" data-end=\"2307\">safe, well-organized start<\/strong> to your new life in Paraguay.<\/p><hr data-start=\"2343\" data-end=\"2346\" \/><h2 data-start=\"2348\" data-end=\"2371\">Arriving together<\/h2><p data-start=\"2373\" data-end=\"2643\">Our roots lie in <strong data-start=\"2398\" data-end=\"2416\">San Bernardino<\/strong>, but today we are <strong data-start=\"2438\" data-end=\"2458\">active nationwide<\/strong>.<br data-start=\"2459\" data-end=\"2462\" \/>What remains particularly important to us: the <strong data-start=\"2506\" data-end=\"2532\">Proximity to our customers<\/strong>.<br data-start=\"2533\" data-end=\"2536\" \/>Many of our prospective customers become acquaintances - sometimes even friends - in the course of our collaboration.<\/p><p data-start=\"2645\" data-end=\"2787\">If you would like to learn more about the real estate market in Paraguay or find out about current offers, we look forward to hearing from you.<\/p><p data-start=\"2789\" data-end=\"2895\">\ud83d\udcde <strong data-start=\"2792\" data-end=\"2822\">Please feel free to contact us<\/strong>, if you have any questions or would like some non-binding advice.<\/p><hr data-start=\"2897\" data-end=\"2900\" \/><h3 data-start=\"2902\" data-end=\"2995\">Paraguay Inmobiliaria - personal, trustworthy and passionate about real estate.<\/h3>\t\t\t\t\t\t\t\t<\/div>\n\t\t\t\t<\/div>\n\t\t\t\t\t<\/div>\n\t\t<\/div>\n\t\t\t\t\t<\/div>\n\t\t<\/section>\n\t\t\t\t<\/div>","protected":false},"excerpt":{"rendered":"<p>Paraguay Inmobiliaria \ud83c\uddf5\ud83c\uddfe Paraguay Inmobiliaria \u2013 Immobilien mit Vertrauen und Erfahrung Ein Unternehmen, das mit seinen Kunden w\u00e4chst Was vor f\u00fcnf Jahren in San Bernardino mit einer klaren Vision begann, ist heute zu einem starken Partner f\u00fcr Immobilien in ganz Paraguay geworden.Mit viel Engagement und einem stetig wachsenden Netzwerk begleiten wir seitdem Menschen aus aller [&hellip;]<\/p>\n","protected":false},"author":1,"featured_media":18249,"parent":0,"menu_order":0,"comment_status":"closed","ping_status":"closed","template":"elementor_header_footer","meta":{"footnotes":""},"class_list":["post-16650","page","type-page","status-publish","has-post-thumbnail","hentry"],"_links":{"self":[{"href":"https:\/\/paraguayinmobiliaria.com\/en\/wp-json\/wp\/v2\/pages\/16650","targetHints":{"allow":["GET"]}}],"collection":[{"href":"https:\/\/paraguayinmobiliaria.com\/en\/wp-json\/wp\/v2\/pages"}],"about":[{"href":"https:\/\/paraguayinmobiliaria.com\/en\/wp-json\/wp\/v2\/types\/page"}],"author":[{"embeddable":true,"href":"https:\/\/paraguayinmobiliaria.com\/en\/wp-json\/wp\/v2\/users\/1"}],"replies":[{"embeddable":true,"href":"https:\/\/paraguayinmobiliaria.com\/en\/wp-json\/wp\/v2\/comments?post=16650"}],"version-history":[{"count":0,"href":"https:\/\/paraguayinmobiliaria.com\/en\/wp-json\/wp\/v2\/pages\/16650\/revisions"}],"wp:featuredmedia":[{"embeddable":true,"href":"https:\/\/paraguayinmobiliaria.com\/en\/wp-json\/wp\/v2\/media\/18249"}],"wp:attachment":[{"href":"https:\/\/paraguayinmobiliaria.com\/en\/wp-json\/wp\/v2\/media?parent=16650"}],"curies":[{"name":"wp","href":"https:\/\/api.w.org\/{rel}","templated":true}]}}