{"id":19264,"date":"2023-02-03T02:01:26","date_gmt":"2023-02-03T02:01:26","guid":{"rendered":"https:\/\/paraguayinmobiliaria.com\/?page_id=19264"},"modified":"2025-11-21T22:26:17","modified_gmt":"2025-11-21T22:26:17","slug":"grundstucke","status":"publish","type":"page","link":"https:\/\/paraguayinmobiliaria.com\/en\/land-plots\/","title":{"rendered":"Land"},"content":{"rendered":"<div data-elementor-type=\"wp-page\" data-elementor-id=\"19264\" class=\"elementor elementor-19264\" data-elementor-post-type=\"page\">\n\t\t\t\t\t\t<section data-particle_enable=\"false\" data-particle-mobile-disabled=\"false\" class=\"elementor-section elementor-top-section elementor-element elementor-element-5135755 elementor-section-boxed elementor-section-height-default elementor-section-height-default\" data-id=\"5135755\" data-element_type=\"section\" data-e-type=\"section\">\n\t\t\t\t\t\t<div class=\"elementor-container elementor-column-gap-default\">\n\t\t\t\t\t<div class=\"elementor-column elementor-col-100 elementor-top-column elementor-element elementor-element-ec227aa\" data-id=\"ec227aa\" data-element_type=\"column\" data-e-type=\"column\">\n\t\t\t<div class=\"elementor-widget-wrap elementor-element-populated\">\n\t\t\t\t\t\t<div class=\"elementor-element elementor-element-aca7a2b elementor-widget elementor-widget-houzez_elementor_space\" data-id=\"aca7a2b\" data-element_type=\"widget\" data-e-type=\"widget\" data-widget_type=\"houzez_elementor_space.default\">\n\t\t\t\t<div class=\"elementor-widget-container\">\n\t\t\t\t\t        <div class=\"houzez-spacer\">\n            <div class=\"houzez-spacer-inner\"><\/div>\n        <\/div>\n        \t\t\t\t<\/div>\n\t\t\t\t<\/div>\n\t\t\t\t\t<\/div>\n\t\t<\/div>\n\t\t\t\t\t<\/div>\n\t\t<\/section>\n\t\t\t\t<section data-particle_enable=\"false\" data-particle-mobile-disabled=\"false\" class=\"elementor-section elementor-top-section elementor-element elementor-element-5d12fbb elementor-section-boxed elementor-section-height-default elementor-section-height-default\" data-id=\"5d12fbb\" data-element_type=\"section\" data-e-type=\"section\">\n\t\t\t\t\t\t<div class=\"elementor-container elementor-column-gap-default\">\n\t\t\t\t\t<div class=\"elementor-column elementor-col-100 elementor-top-column elementor-element elementor-element-9f7d370\" data-id=\"9f7d370\" data-element_type=\"column\" data-e-type=\"column\">\n\t\t\t<div class=\"elementor-widget-wrap elementor-element-populated\">\n\t\t\t\t\t\t<div class=\"elementor-element elementor-element-1f3fa4c elementor-widget elementor-widget-heading\" data-id=\"1f3fa4c\" data-element_type=\"widget\" data-e-type=\"widget\" data-widget_type=\"heading.default\">\n\t\t\t\t<div class=\"elementor-widget-container\">\n\t\t\t\t\t<h4 class=\"elementor-heading-title elementor-size-default\">Paraguay buy land and build house<\/h4>\t\t\t\t<\/div>\n\t\t\t\t<\/div>\n\t\t\t\t\t<\/div>\n\t\t<\/div>\n\t\t\t\t\t<\/div>\n\t\t<\/section>\n\t\t\t\t<section data-particle_enable=\"false\" data-particle-mobile-disabled=\"false\" class=\"elementor-section elementor-top-section elementor-element elementor-element-6013b817 elementor-section-boxed elementor-section-height-default elementor-section-height-default\" data-id=\"6013b817\" data-element_type=\"section\" data-e-type=\"section\">\n\t\t\t\t\t\t<div class=\"elementor-container elementor-column-gap-default\">\n\t\t\t\t\t<div class=\"elementor-column elementor-col-100 elementor-top-column elementor-element elementor-element-63e74f1d\" data-id=\"63e74f1d\" data-element_type=\"column\" data-e-type=\"column\">\n\t\t\t<div class=\"elementor-widget-wrap elementor-element-populated\">\n\t\t\t\t\t\t<div class=\"elementor-element elementor-element-48386786 elementor-widget elementor-widget-text-editor\" data-id=\"48386786\" data-element_type=\"widget\" data-e-type=\"widget\" data-widget_type=\"text-editor.default\">\n\t\t\t\t<div class=\"elementor-widget-container\">\n\t\t\t\t\t\t\t\t\t<p>Purchase your new property in Paraguay with <strong>Paraguay Inmobiliaria<\/strong>. We offer you a diverse selection of properties in different categories and price ranges. Whether you are looking for a <strong>Buying a plot of land<\/strong> or want to build a house directly - we are your reliable partner.\u00a0<a href=\"https:\/\/paraguayinmobiliaria.com\/en\/panorama-flight-over-asuncion-more\/\" target=\"_blank\" rel=\"noopener\">Click here<\/a>to find out more about the possibilities of building a house in Paraguay.<\/p>\n<p>For further information on your real estate purchase, please do not hesitate to contact us. Visit the \"About us\" menu item or contact us directly. We will accompany you from the first meeting to the signing of the contract and beyond. As your local contact, we are always at your side.<\/p>\n<p>Please note that some payments must be made in Guarani. The respective amount is stated in the property description and corresponds to the current US dollar value. Slight deviations may occur due to exchange rate fluctuations<a style=\"background-color: #f8f8f8;\" href=\"https:\/\/www.pic-a-house.com\/\" target=\"_blank\" rel=\"noopener\">.<\/a><\/p>\n<p>Are you interested in buying a house?\u00a0<a href=\"https:\/\/paraguayinmobiliaria.com\/en\/houses\/\" target=\"_blank\" rel=\"noopener\">Click here<\/a>to find out more.\u00a0<\/p>\n<p><!-- \/wp:paragraph --><\/p>\n<p><!-- wp:paragraph --><\/p>\n<p><!-- \/wp:paragraph --><\/p>\t\t\t\t\t\t\t\t<\/div>\n\t\t\t\t<\/div>\n\t\t\t\t\t<\/div>\n\t\t<\/div>\n\t\t\t\t\t<\/div>\n\t\t<\/section>\n\t\t\t\t<section data-particle_enable=\"false\" data-particle-mobile-disabled=\"false\" class=\"elementor-section elementor-top-section elementor-element elementor-element-434f147 elementor-section-boxed elementor-section-height-default elementor-section-height-default\" data-id=\"434f147\" data-element_type=\"section\" data-e-type=\"section\">\n\t\t\t\t\t\t<div class=\"elementor-container elementor-column-gap-default\">\n\t\t\t\t\t<div class=\"elementor-column elementor-col-100 elementor-top-column elementor-element elementor-element-fd0bca2\" data-id=\"fd0bca2\" data-element_type=\"column\" data-e-type=\"column\">\n\t\t\t<div class=\"elementor-widget-wrap elementor-element-populated\">\n\t\t\t\t\t\t<div class=\"elementor-element elementor-element-66a3823 elementor-widget elementor-widget-houzez_elementor_space\" data-id=\"66a3823\" data-element_type=\"widget\" data-e-type=\"widget\" data-widget_type=\"houzez_elementor_space.default\">\n\t\t\t\t<div class=\"elementor-widget-container\">\n\t\t\t\t\t        <div class=\"houzez-spacer\">\n            <div class=\"houzez-spacer-inner\"><\/div>\n        <\/div>\n        \t\t\t\t<\/div>\n\t\t\t\t<\/div>\n\t\t\t\t\t<\/div>\n\t\t<\/div>\n\t\t\t\t\t<\/div>\n\t\t<\/section>\n\t\t\t\t<\/div>","protected":false},"excerpt":{"rendered":"<p>Paraguay Grundst\u00fcck kaufen und Haus bauen Erwerben Sie Ihr neues Grundst\u00fcck in Paraguay mit Paraguay Inmobiliaria. Wir bieten Ihnen eine vielf\u00e4ltige Auswahl an Grundst\u00fccken in unterschiedlichen Kategorien und Preisklassen. Ob Sie ein Grundst\u00fcck kaufen oder direkt ein Haus bauen m\u00f6chten \u2013 wir sind Ihr zuverl\u00e4ssiger Partner.\u00a0Klicken Sie hier, um mehr \u00fcber die M\u00f6glichkeiten des Hausbaus [&hellip;]<\/p>\n","protected":false},"author":1,"featured_media":19139,"parent":0,"menu_order":0,"comment_status":"closed","ping_status":"closed","template":"template\/template-listing-grid-v1-fullwidth-3cols.php","meta":{"footnotes":""},"class_list":["post-19264","page","type-page","status-publish","has-post-thumbnail","hentry"],"_links":{"self":[{"href":"https:\/\/paraguayinmobiliaria.com\/en\/wp-json\/wp\/v2\/pages\/19264","targetHints":{"allow":["GET"]}}],"collection":[{"href":"https:\/\/paraguayinmobiliaria.com\/en\/wp-json\/wp\/v2\/pages"}],"about":[{"href":"https:\/\/paraguayinmobiliaria.com\/en\/wp-json\/wp\/v2\/types\/page"}],"author":[{"embeddable":true,"href":"https:\/\/paraguayinmobiliaria.com\/en\/wp-json\/wp\/v2\/users\/1"}],"replies":[{"embeddable":true,"href":"https:\/\/paraguayinmobiliaria.com\/en\/wp-json\/wp\/v2\/comments?post=19264"}],"version-history":[{"count":0,"href":"https:\/\/paraguayinmobiliaria.com\/en\/wp-json\/wp\/v2\/pages\/19264\/revisions"}],"wp:featuredmedia":[{"embeddable":true,"href":"https:\/\/paraguayinmobiliaria.com\/en\/wp-json\/wp\/v2\/media\/19139"}],"wp:attachment":[{"href":"https:\/\/paraguayinmobiliaria.com\/en\/wp-json\/wp\/v2\/media?parent=19264"}],"curies":[{"name":"wp","href":"https:\/\/api.w.org\/{rel}","templated":true}]}}