{"id":17595,"date":"2022-12-28T11:00:58","date_gmt":"2022-12-28T11:00:58","guid":{"rendered":"https:\/\/paraguayinmobiliaria.com\/?page_id=17595"},"modified":"2025-12-02T11:36:36","modified_gmt":"2025-12-02T10:36:36","slug":"haus-mieten-paraguay","status":"publish","type":"page","link":"https:\/\/paraguayinmobiliaria.com\/es\/rentable15\/","title":{"rendered":"Alquileres"},"content":{"rendered":"<div data-elementor-type=\"wp-page\" data-elementor-id=\"17595\" class=\"elementor elementor-17595\" data-elementor-post-type=\"page\">\n\t\t\t\t\t\t<section data-particle_enable=\"false\" data-particle-mobile-disabled=\"false\" class=\"elementor-section elementor-top-section elementor-element elementor-element-73541b9 elementor-section-boxed elementor-section-height-default elementor-section-height-default\" data-id=\"73541b9\" data-element_type=\"section\" data-e-type=\"section\">\n\t\t\t\t\t\t<div class=\"elementor-container elementor-column-gap-default\">\n\t\t\t\t\t<div class=\"elementor-column elementor-col-100 elementor-top-column elementor-element elementor-element-0b7e82e\" data-id=\"0b7e82e\" data-element_type=\"column\" data-e-type=\"column\">\n\t\t\t<div class=\"elementor-widget-wrap elementor-element-populated\">\n\t\t\t\t\t\t<div class=\"elementor-element elementor-element-0dcc8b9 elementor-widget elementor-widget-houzez_elementor_space\" data-id=\"0dcc8b9\" data-element_type=\"widget\" data-e-type=\"widget\" data-widget_type=\"houzez_elementor_space.default\">\n\t\t\t\t<div class=\"elementor-widget-container\">\n\t\t\t\t\t        <div class=\"houzez-spacer\">\n            <div class=\"houzez-spacer-inner\"><\/div>\n        <\/div>\n        \t\t\t\t<\/div>\n\t\t\t\t<\/div>\n\t\t\t\t\t<\/div>\n\t\t<\/div>\n\t\t\t\t\t<\/div>\n\t\t<\/section>\n\t\t\t\t<section data-particle_enable=\"false\" data-particle-mobile-disabled=\"false\" class=\"elementor-section elementor-top-section elementor-element elementor-element-3e4f63d elementor-section-boxed elementor-section-height-default elementor-section-height-default\" data-id=\"3e4f63d\" data-element_type=\"section\" data-e-type=\"section\">\n\t\t\t\t\t\t<div class=\"elementor-container elementor-column-gap-default\">\n\t\t\t\t\t<div class=\"elementor-column elementor-col-100 elementor-top-column elementor-element elementor-element-e8a542f\" data-id=\"e8a542f\" data-element_type=\"column\" data-e-type=\"column\">\n\t\t\t<div class=\"elementor-widget-wrap elementor-element-populated\">\n\t\t\t\t\t\t<div class=\"elementor-element elementor-element-deaeddd elementor-widget elementor-widget-heading\" data-id=\"deaeddd\" data-element_type=\"widget\" data-e-type=\"widget\" data-widget_type=\"heading.default\">\n\t\t\t\t<div class=\"elementor-widget-container\">\n\t\t\t\t\t<h1 class=\"elementor-heading-title elementor-size-default\"><a href=\"https:\/\/paraguayinmobiliaria.com\/es\/rentable15\/\">Alquileres Paraguay <\/a><\/h1>\t\t\t\t<\/div>\n\t\t\t\t<\/div>\n\t\t\t\t\t<\/div>\n\t\t<\/div>\n\t\t\t\t\t<\/div>\n\t\t<\/section>\n\t\t\t\t<section data-particle_enable=\"false\" data-particle-mobile-disabled=\"false\" class=\"elementor-section elementor-top-section elementor-element elementor-element-6842693e elementor-section-boxed elementor-section-height-default elementor-section-height-default\" data-id=\"6842693e\" data-element_type=\"section\" data-e-type=\"section\">\n\t\t\t\t\t\t<div class=\"elementor-container elementor-column-gap-default\">\n\t\t\t\t\t<div class=\"elementor-column elementor-col-100 elementor-top-column elementor-element elementor-element-23814d30\" data-id=\"23814d30\" data-element_type=\"column\" data-e-type=\"column\">\n\t\t\t<div class=\"elementor-widget-wrap elementor-element-populated\">\n\t\t\t\t\t\t<div class=\"elementor-element elementor-element-62f85301 elementor-widget elementor-widget-text-editor\" data-id=\"62f85301\" data-element_type=\"widget\" data-e-type=\"widget\" data-widget_type=\"text-editor.default\">\n\t\t\t\t<div class=\"elementor-widget-container\">\n\t\t\t\t\t\t\t\t\t<p data-start=\"401\" data-end=\"510\"><strong data-start=\"401\" data-end=\"510\">Rent a house Paraguay - su socio de confianza para alquileres de alta calidad y servicio personalizado<\/strong><\/p><p data-start=\"512\" data-end=\"1128\">\u00bfQui\u00e9n es un <em data-start=\"520\" data-end=\"545\">Alquilar una casa en Paraguay<\/em> no s\u00f3lo espera una propiedad bonita, sino tambi\u00e9n un servicio profesional, transparente y fiable. Esto es exactamente lo que le ofrecemos <strong data-start=\"693\" data-end=\"718\">Paraguay Inmobiliaria<\/strong>. Le acompa\u00f1amos paso a paso en el camino hacia su nuevo hogar: desde la consulta inicial, la visita y la firma del contrato, hasta el apoyo a largo plazo durante todo el alquiler. Gracias a nuestra amplia red, nuestra experiencia local y nuestro enfoque en los est\u00e1ndares de calidad alemanes, somos su socio competente para todos los aspectos de <strong data-start=\"1103\" data-end=\"1127\">Alquileres Paraguay<\/strong>.<\/p><p data-start=\"1130\" data-end=\"1608\">Muchas personas deciden alquilar primero una casa y, al mismo tiempo, construir su propia vivienda a medida. Esta combinaci\u00f3n ofrece la m\u00e1xima flexibilidad y seguridad. As\u00ed que si usted <em data-start=\"1338\" data-end=\"1449\">quiere alquilar una vivienda y, al mismo tiempo, tener su propia casa construida seg\u00fan las normas de calidad alemanas<\/em>, con nosotros encontrar\u00e1 las condiciones ideales. Haga clic aqu\u00ed para obtener m\u00e1s informaci\u00f3n sobre nuestra construcci\u00f3n profesional de casas y las distintas opciones de construcci\u00f3n.<\/p><h2 data-start=\"1610\" data-end=\"1696\"><strong data-start=\"1613\" data-end=\"1696\">Una amplia gama de ofertas de alquiler para todos los bolsillos: alquilar una casa en Paraguay es f\u00e1cil<\/strong><\/h2><p data-start=\"1698\" data-end=\"2319\">Nuestra cartera incluye una amplia gama de propiedades en alquiler de diferentes categor\u00edas, estilos arquitect\u00f3nicos y precios. Tanto si busca una casa unifamiliar moderna, una casa en el campo, un chalet de lujo o una propiedad funcional para pasar el tiempo, con nosotros encontrar\u00e1 ofertas de alquiler adecuadas para cada estilo de vida.<br data-start=\"2030\" data-end=\"2033\" \/>El mercado de propiedades en alquiler en Paraguay es diverso, pero no siempre f\u00e1cil de navegar. Nuestra presentaci\u00f3n transparente de todos los inmuebles, la informaci\u00f3n completa y la posibilidad de concertar citas de visita r\u00e1pida le facilitan al m\u00e1ximo el proceso.<\/p><p data-start=\"2321\" data-end=\"2741\">Si tiene un <strong data-start=\"2334\" data-end=\"2361\">Alquilar una casa en Paraguay<\/strong>, es importante conocer las particularidades espec\u00edficas de cada pa\u00eds, sobre todo en lo que respecta a las condiciones de alquiler, los plazos de pago y los contratos. Una gran ventaja: ofrecemos <strong data-start=\"2531\" data-end=\"2576\">Contratos de alquiler redactados profesionalmente<\/strong>, que sean conformes a la ley, completos y equilibrados. De este modo, sabr\u00e1 exactamente en qu\u00e9 se est\u00e1 metiendo y estar\u00e1 protegido frente a sorpresas desagradables.<\/p><h2 data-start=\"2743\" data-end=\"2814\"><strong data-start=\"2746\" data-end=\"2814\">Apoyo personal y experiencia local: su ventaja in situ<\/strong><\/h2><p data-start=\"2816\" data-end=\"3043\">Para muchos interesados, los alquileres en Paraguay suelen organizarse de manera informal o superficial. Esto es diferente con nosotros. Si usted alquila una propiedad a trav\u00e9s de Paraguay Inmobiliaria <strong data-start=\"2994\" data-end=\"3021\">Alquilar una casa en Paraguay<\/strong>, de la que te beneficias:<\/p><ul data-start=\"3045\" data-end=\"3206\"><li data-start=\"3045\" data-end=\"3078\"><p data-start=\"3047\" data-end=\"3078\"><strong data-start=\"3047\" data-end=\"3078\">comunicaci\u00f3n fiable<\/strong><\/p><\/li><li data-start=\"3079\" data-end=\"3102\"><p data-start=\"3081\" data-end=\"3102\"><strong data-start=\"3081\" data-end=\"3102\">estructuras claras<\/strong><\/p><\/li><li data-start=\"3103\" data-end=\"3136\"><p data-start=\"3105\" data-end=\"3136\"><strong data-start=\"3105\" data-end=\"3136\">documentaci\u00f3n transparente<\/strong><\/p><\/li><li data-start=\"3137\" data-end=\"3162\"><p data-start=\"3139\" data-end=\"3162\"><strong data-start=\"3139\" data-end=\"3162\">respuestas r\u00e1pidas<\/strong><\/p><\/li><li data-start=\"3163\" data-end=\"3206\"><p data-start=\"3165\" data-end=\"3206\"><strong data-start=\"3165\" data-end=\"3206\">Apoyo durante todo el proceso<\/strong><\/p><\/li><\/ul><h2 data-start=\"3561\" data-end=\"3622\"><strong data-start=\"3564\" data-end=\"3622\">Alquilar una casa Paraguay - precios claros, condiciones justas<\/strong><\/h2><p data-start=\"3624\" data-end=\"4140\">En el caso de muchas propiedades de alquiler en Paraguay, parte del alquiler se paga en <strong data-start=\"3687\" data-end=\"3704\">Guaran\u00ed (PYG)<\/strong> pagados. Los importes se basan en el valor respectivo en d\u00f3lares estadounidenses, que se indica en la descripci\u00f3n de la propiedad. Puede haber ligeras variaciones debidas a las fluctuaciones del tipo de cambio, pero le informaremos con transparencia de todos los detalles pertinentes. Adem\u00e1s, para algunas propiedades <strong data-start=\"4001\" data-end=\"4020\">Honorarios del jardinero<\/strong> u otros costes adicionales - encontrar\u00e1 esta informaci\u00f3n de forma clara y comprensible en la descripci\u00f3n de cada propiedad.<\/p><p data-start=\"4142\" data-end=\"4407\">Para nosotros es muy importante que todos los plazos de alquiler y todos los gastos se indiquen de forma clara e \u00edntegra. Si tiene un <strong data-start=\"4281\" data-end=\"4308\">Alquilar una casa en Paraguay<\/strong>, La claridad es crucial, y nosotros nos aseguramos de que est\u00e9 plenamente informado en todo momento.<\/p><h2 data-start=\"4409\" data-end=\"4497\"><strong data-start=\"4412\" data-end=\"4497\">Presentaci\u00f3n profesional de su propiedad: presentamos su casa de la mejor manera posible<\/strong><\/h2><p data-start=\"4499\" data-end=\"4742\">\u00bfQuiere alquilar su propia vivienda y presentarla de forma profesional? Estaremos encantados de ayudarle. Con im\u00e1genes de alta calidad, descripciones claras y marketing espec\u00edfico, presentaremos su propiedad de la mejor manera posible.<\/p><p data-start=\"4744\" data-end=\"4847\">Haga clic aqu\u00ed si desea obtener m\u00e1s informaci\u00f3n sobre c\u00f3mo podemos alquilar su propiedad con \u00e9xito.<\/p><h2 data-start=\"4849\" data-end=\"4930\"><strong data-start=\"4852\" data-end=\"4930\">Su camino hacia un nuevo hogar - Alquile una casa en Paraguay con Paraguay Inmobiliaria<\/strong><\/h2><p data-start=\"4932\" data-end=\"5213\">A <strong data-start=\"4936\" data-end=\"4963\">Alquilar una casa en Paraguay<\/strong> con nosotros no s\u00f3lo significa encontrar una propiedad. Significa tener a su lado a un socio de confianza que le prestar\u00e1 un apoyo integral. Nuestro objetivo es proporcionarle un alquiler seguro, agradable y bien organizado.<\/p><p data-start=\"5215\" data-end=\"5486\">Somos su contacto local - personal, confiable y con muchos a\u00f1os de experiencia en el mercado inmobiliario paraguayo.<br data-start=\"5343\" data-end=\"5346\" \/>No dude en ponerse en contacto con nosotros. Concierte su visita hoy mismo y descubra su nuevo hogar en Paraguay.<\/p><p data-start=\"5215\" data-end=\"5486\"><a href=\"https:\/\/paraguayinmobiliaria.com\/es\/panoramica-vuelo-sobre-asuncion-mas\/\">\u00bfLe gustar\u00eda alquilar una casa y empezar a construir al mismo tiempo? Haga clic aqu\u00ed<\/a><\/p><p data-start=\"5215\" data-end=\"5486\"><a href=\"https:\/\/haussittingparaguay.com\/\" target=\"_blank\" rel=\"noopener\">\u00bfEs usted propietario y busca a alguien que cuide de su vivienda? Haga clic aqu\u00ed<\/a><\/p>\t\t\t\t\t\t\t\t<\/div>\n\t\t\t\t<\/div>\n\t\t\t\t\t<\/div>\n\t\t<\/div>\n\t\t\t\t\t<\/div>\n\t\t<\/section>\n\t\t\t\t<section data-particle_enable=\"false\" data-particle-mobile-disabled=\"false\" class=\"elementor-section elementor-top-section elementor-element elementor-element-b8b9271 elementor-section-boxed elementor-section-height-default elementor-section-height-default\" data-id=\"b8b9271\" data-element_type=\"section\" data-e-type=\"section\">\n\t\t\t\t\t\t<div class=\"elementor-container elementor-column-gap-default\">\n\t\t\t\t\t<div class=\"elementor-column elementor-col-100 elementor-top-column elementor-element elementor-element-cfc892f\" data-id=\"cfc892f\" data-element_type=\"column\" data-e-type=\"column\">\n\t\t\t<div class=\"elementor-widget-wrap elementor-element-populated\">\n\t\t\t\t\t\t<div class=\"elementor-element elementor-element-405b5f2 elementor-widget elementor-widget-houzez_elementor_space\" data-id=\"405b5f2\" data-element_type=\"widget\" data-e-type=\"widget\" data-widget_type=\"houzez_elementor_space.default\">\n\t\t\t\t<div class=\"elementor-widget-container\">\n\t\t\t\t\t        <div class=\"houzez-spacer\">\n            <div class=\"houzez-spacer-inner\"><\/div>\n        <\/div>\n        \t\t\t\t<\/div>\n\t\t\t\t<\/div>\n\t\t\t\t\t<\/div>\n\t\t<\/div>\n\t\t\t\t\t<\/div>\n\t\t<\/section>\n\t\t\t\t<\/div>","protected":false},"excerpt":{"rendered":"<p>Haus mieten Paraguay Haus mieten Paraguay \u2013 Ihr zuverl\u00e4ssiger Partner f\u00fcr hochwertige Mietimmobilien und individuellen Service Wer ein Haus mieten in Paraguay m\u00f6chte, erwartet nicht nur ein sch\u00f6nes Objekt, sondern auch einen professionellen, transparenten und verl\u00e4sslichen Service. Genau das bietet Ihnen Paraguay Inmobiliaria. Wir begleiten Sie Schritt f\u00fcr Schritt auf dem Weg in Ihr neues [&hellip;]<\/p>\n","protected":false},"author":1,"featured_media":43221,"parent":0,"menu_order":0,"comment_status":"closed","ping_status":"closed","template":"template\/template-listing-grid-v1-fullwidth-3cols.php","meta":{"_surecart_dashboard_logo_width":"180px","_surecart_dashboard_show_logo":true,"_surecart_dashboard_navigation_orders":true,"_surecart_dashboard_navigation_invoices":true,"_surecart_dashboard_navigation_subscriptions":true,"_surecart_dashboard_navigation_downloads":true,"_surecart_dashboard_navigation_billing":true,"_surecart_dashboard_navigation_account":true,"footnotes":""},"class_list":["post-17595","page","type-page","status-publish","has-post-thumbnail","hentry"],"_links":{"self":[{"href":"https:\/\/paraguayinmobiliaria.com\/es\/wp-json\/wp\/v2\/pages\/17595","targetHints":{"allow":["GET"]}}],"collection":[{"href":"https:\/\/paraguayinmobiliaria.com\/es\/wp-json\/wp\/v2\/pages"}],"about":[{"href":"https:\/\/paraguayinmobiliaria.com\/es\/wp-json\/wp\/v2\/types\/page"}],"author":[{"embeddable":true,"href":"https:\/\/paraguayinmobiliaria.com\/es\/wp-json\/wp\/v2\/users\/1"}],"replies":[{"embeddable":true,"href":"https:\/\/paraguayinmobiliaria.com\/es\/wp-json\/wp\/v2\/comments?post=17595"}],"version-history":[{"count":0,"href":"https:\/\/paraguayinmobiliaria.com\/es\/wp-json\/wp\/v2\/pages\/17595\/revisions"}],"wp:featuredmedia":[{"embeddable":true,"href":"https:\/\/paraguayinmobiliaria.com\/es\/wp-json\/wp\/v2\/media\/43221"}],"wp:attachment":[{"href":"https:\/\/paraguayinmobiliaria.com\/es\/wp-json\/wp\/v2\/media?parent=17595"}],"curies":[{"name":"wp","href":"https:\/\/api.w.org\/{rel}","templated":true}]}}