{"id":18570,"date":"2023-01-04T02:12:55","date_gmt":"2023-01-04T02:12:55","guid":{"rendered":"https:\/\/paraguayinmobiliaria.com\/?page_id=18570"},"modified":"2025-11-22T12:00:32","modified_gmt":"2025-11-22T12:00:32","slug":"paraguay-haus-kaufen","status":"publish","type":"page","link":"https:\/\/paraguayinmobiliaria.com\/es\/inmobiliario\/","title":{"rendered":"Inmobiliario"},"content":{"rendered":"<div data-elementor-type=\"wp-page\" data-elementor-id=\"18570\" class=\"elementor elementor-18570\" data-elementor-post-type=\"page\">\n\t\t\t\t\t\t<section data-particle_enable=\"false\" data-particle-mobile-disabled=\"false\" class=\"elementor-section elementor-top-section elementor-element elementor-element-58a0495 elementor-section-boxed elementor-section-height-default elementor-section-height-default\" data-id=\"58a0495\" data-element_type=\"section\" data-e-type=\"section\">\n\t\t\t\t\t\t<div class=\"elementor-container elementor-column-gap-default\">\n\t\t\t\t\t<div class=\"elementor-column elementor-col-100 elementor-top-column elementor-element elementor-element-8a13db8\" data-id=\"8a13db8\" data-element_type=\"column\" data-e-type=\"column\">\n\t\t\t<div class=\"elementor-widget-wrap elementor-element-populated\">\n\t\t\t\t\t\t<div class=\"elementor-element elementor-element-af8097d elementor-widget elementor-widget-houzez_elementor_space\" data-id=\"af8097d\" data-element_type=\"widget\" data-e-type=\"widget\" data-widget_type=\"houzez_elementor_space.default\">\n\t\t\t\t<div class=\"elementor-widget-container\">\n\t\t\t\t\t        <div class=\"houzez-spacer\">\n            <div class=\"houzez-spacer-inner\"><\/div>\n        <\/div>\n        \t\t\t\t<\/div>\n\t\t\t\t<\/div>\n\t\t\t\t\t<\/div>\n\t\t<\/div>\n\t\t\t\t\t<\/div>\n\t\t<\/section>\n\t\t\t\t<section data-particle_enable=\"false\" data-particle-mobile-disabled=\"false\" class=\"elementor-section elementor-top-section elementor-element elementor-element-178083b9 elementor-section-boxed elementor-section-height-default elementor-section-height-default\" data-id=\"178083b9\" data-element_type=\"section\" data-e-type=\"section\">\n\t\t\t\t\t\t<div class=\"elementor-container elementor-column-gap-default\">\n\t\t\t\t\t<div class=\"elementor-column elementor-col-100 elementor-top-column elementor-element elementor-element-9a9721b\" data-id=\"9a9721b\" data-element_type=\"column\" data-e-type=\"column\">\n\t\t\t<div class=\"elementor-widget-wrap elementor-element-populated\">\n\t\t\t\t\t\t<div class=\"elementor-element elementor-element-47ec6b6e elementor-widget elementor-widget-text-editor\" data-id=\"47ec6b6e\" data-element_type=\"widget\" data-e-type=\"widget\" data-widget_type=\"text-editor.default\">\n\t\t\t\t<div class=\"elementor-widget-container\">\n\t\t\t\t\t\t\t\t\t<h1><strong>Comprar casa en Paraguay\u00a0 <\/strong><\/h1><h2><strong>- Su sue\u00f1o de tener casa propia<\/strong><\/h2><p>Si sue\u00f1a con ser propietario de una vivienda en un hermoso pa\u00eds como Paraguay, ha llegado al lugar adecuado. <strong>Comprar casa en Paraguay<\/strong> y que se la construyan - con nuestro servicio integral, este sue\u00f1o se hace realidad. Le ayudaremos a encontrar la propiedad perfecta o a construir una casa totalmente de acuerdo con sus ideas individuales.<\/p><h2><strong>\u00bfPor qu\u00e9 comprar una casa en Paraguay?<\/strong><\/h2><p>Paraguay le ofrece muchas ventajas, ya sea el clima agradable, la poblaci\u00f3n acogedora o el coste de la vida comparativamente bajo. A <strong>Comprar casa en Paraguay<\/strong> no s\u00f3lo significa adquirir un nuevo hogar, sino tambi\u00e9n invertir en un futuro prometedor. Tanto si busca una propiedad para usted o como inversi\u00f3n, tenemos la oferta adecuada.<\/p><h2><strong>Propiedad en Paraguay a medida<\/strong><\/h2><p>\u00bfDesea una vivienda que se ajuste exactamente a sus necesidades? Con nosotros no s\u00f3lo encontrar\u00e1 <strong>Comprar casa en Paraguay<\/strong>sino tambi\u00e9n elegir un terreno y construir en \u00e9l una casa a su medida. As\u00ed tendr\u00e1 una casa perfectamente adaptada a sus necesidades. Nuestro experimentado equipo le guiar\u00e1 en todas las fases de la construcci\u00f3n, desde la planificaci\u00f3n hasta la finalizaci\u00f3n.<\/p><p><a style=\"background-color: #f8f8f8;\" href=\"https:\/\/paraguayinmobiliaria.com\/es\/panoramica-vuelo-sobre-asuncion-mas\/\" target=\"_blank\" rel=\"noopener\">Pulse aqu\u00ed<\/a>\u00a0para m\u00e1s informaci\u00f3n sobre nuestro servicio de construcci\u00f3n<\/p><h2><strong>Servicio integral para la compra de su vivienda<\/strong><\/h2><p>A <strong>Comprar casa en Paraguay<\/strong> es un gran paso y queremos asegurarnos de que todo vaya lo mejor posible. Nuestro servicio integral incluye:<\/p><ul><li>Consejos para elegir el inmueble adecuado.<\/li><li>Apoyo en todas las cuestiones jur\u00eddicas y financieras.<\/li><li>Apoyo desde el contacto inicial hasta la firma del contrato.<\/li><li>Cuidados posteriores para que se sienta c\u00f3modo en su nuevo hogar.<\/li><\/ul><p>Encontrar\u00e1 m\u00e1s informaci\u00f3n sobre nuestro servicio en la opci\u00f3n de men\u00fa <strong>\"Qui\u00e9nes somos<\/strong> o en una conversaci\u00f3n personal con nosotros.<\/p><h2><strong>Informaci\u00f3n importante sobre el pago al comprar una casa en Paraguay<\/strong><\/h2><p>Al comprar una propiedad en Paraguay, algunos pagos deben realizarse en la moneda local, el guaran\u00ed. Los importes correspondientes se indican en la descripci\u00f3n de la propiedad y se basan en los tipos de cambio vigentes. Por lo general, estos importes corresponden a un valor fijo en d\u00f3lares estadounidenses. No obstante, pueden producirse ligeras desviaciones debido a las fluctuaciones de los tipos de cambio. Estaremos encantados de asesorarle para que estos tr\u00e1mites le resulten lo menos complicados posible.<\/p><h2><strong>Opciones de alquiler en Paraguay<\/strong><\/h2><p>Si a\u00fan no est\u00e1 seguro de si quiere un <strong>Comprar casa en Paraguay<\/strong> puede alquilar primero una vivienda. As\u00ed podr\u00e1 familiarizarse con el pa\u00eds antes de decidirse a comprar.\u00a0<a href=\"https:\/\/paraguayinmobiliaria.com\/es\/rentable15\/\" target=\"_blank\" rel=\"noopener\">Pulse aqu\u00ed<\/a>para descubrir nuestras ofertas de alquiler y encontrar el hogar temporal adecuado.<\/p><h2><strong>\u00bfPor qu\u00e9 Paraguay Inmobiliaria?<\/strong><\/h2><ul><li><strong>Experiencia local:<\/strong> Conocemos a la perfecci\u00f3n el mercado inmobiliario de Paraguay y podemos ofrecerle informaci\u00f3n valiosa.<\/li><li><strong>Servicio personalizado:<\/strong> Sus deseos y necesidades son lo m\u00e1s importante para nosotros.<\/li><li><strong>Muchos a\u00f1os de experiencia:<\/strong> Llevamos muchos a\u00f1os apoyando a nuestros clientes en su deseo de <strong>Paraguay casa en venta<\/strong>.<\/li><\/ul><h2><strong>Invierte en tu futuro -\u00a0<\/strong><\/h2><h2><strong>Se vende casa en Paraguay<\/strong><\/h2><p>Comprar una casa en Paraguay es m\u00e1s que un tr\u00e1mite, es una inversi\u00f3n en su futuro. Con Paraguay Inmobiliaria a su lado, este proceso ser\u00e1 simple, seguro y transparente. Ya sea que est\u00e9 buscando una casa para su familia, una casa de vacaciones o una propiedad de inversi\u00f3n - tenemos la soluci\u00f3n adecuada para usted.<\/p><p>Aproveche la oportunidad de <strong>Paraguay casa en venta<\/strong>y experimente las ventajas de este fascinante pa\u00eds. Somos su socio de confianza para acompa\u00f1arle en este viaje. P\u00f3ngase en contacto con nosotros hoy mismo para saber m\u00e1s sobre sus opciones.<\/p><h2><strong>\u00a1La propiedad de sus sue\u00f1os en Paraguay comienza aqu\u00ed!<\/strong><\/h2><h5><strong>Una mirada a la diversidad de Paraguay<\/strong><\/h5><p>Paraguay es un pa\u00eds lleno de oportunidades. Si usted es un <strong>Comprar casa en Paraguay<\/strong>no s\u00f3lo se beneficiar\u00e1 de un nuevo hogar, sino tambi\u00e9n de la calidad de vida \u00fanica del pa\u00eds. Desde ciudades encantadoras como Asunci\u00f3n hasta tranquilas zonas rurales, Paraguay ofrece algo para todos los gustos. El clima templado y la cultura c\u00e1lida hacen de Paraguay un lugar ideal para comprar una casa y establecerse. D\u00e9jese inspirar por la belleza de este pa\u00eds y haga realidad su sue\u00f1o de poseer una vivienda. <strong>Paraguay casa en venta<\/strong>en un entorno que combina alegr\u00eda de vivir y relajaci\u00f3n.<\/p><p><a href=\"https:\/\/haussittingparaguay.com\/\" target=\"_blank\" rel=\"noopener\">\u00bfBusca a alguien que cuide de su propiedad? Haga clic aqu\u00ed<\/a><\/p>\t\t\t\t\t\t\t\t<\/div>\n\t\t\t\t<\/div>\n\t\t\t\t\t<\/div>\n\t\t<\/div>\n\t\t\t\t\t<\/div>\n\t\t<\/section>\n\t\t\t\t<section data-particle_enable=\"false\" data-particle-mobile-disabled=\"false\" class=\"elementor-section elementor-top-section elementor-element elementor-element-987834c elementor-section-boxed elementor-section-height-default elementor-section-height-default\" data-id=\"987834c\" data-element_type=\"section\" data-e-type=\"section\">\n\t\t\t\t\t\t<div class=\"elementor-container elementor-column-gap-default\">\n\t\t\t\t\t<div class=\"elementor-column elementor-col-100 elementor-top-column elementor-element elementor-element-1077a24\" data-id=\"1077a24\" data-element_type=\"column\" data-e-type=\"column\">\n\t\t\t<div class=\"elementor-widget-wrap elementor-element-populated\">\n\t\t\t\t\t\t<div class=\"elementor-element elementor-element-2142586 elementor-widget elementor-widget-houzez_elementor_space\" data-id=\"2142586\" data-element_type=\"widget\" data-e-type=\"widget\" data-widget_type=\"houzez_elementor_space.default\">\n\t\t\t\t<div class=\"elementor-widget-container\">\n\t\t\t\t\t        <div class=\"houzez-spacer\">\n            <div class=\"houzez-spacer-inner\"><\/div>\n        <\/div>\n        \t\t\t\t<\/div>\n\t\t\t\t<\/div>\n\t\t\t\t\t<\/div>\n\t\t<\/div>\n\t\t\t\t\t<\/div>\n\t\t<\/section>\n\t\t\t\t<\/div>","protected":false},"excerpt":{"rendered":"<p>Paraguay Haus kaufen\u00a0 \u2013 Ihr Traum vom Eigenheim Wenn Sie davon tr\u00e4umen, ein Haus in einem wundersch\u00f6nen Land wie Paraguay zu besitzen, sind Sie bei uns genau richtig. Paraguay Haus kaufen und bauen lassen \u2013 mit unserem Rundum-Service wird dieser Traum Wirklichkeit. Wir helfen Ihnen, die perfekte Immobilie zu finden oder ein Haus ganz nach [&hellip;]<\/p>\n","protected":false},"author":1,"featured_media":41468,"parent":0,"menu_order":0,"comment_status":"closed","ping_status":"closed","template":"template\/template-listing-grid-v1-fullwidth-3cols.php","meta":{"_surecart_dashboard_logo_width":"180px","_surecart_dashboard_show_logo":true,"_surecart_dashboard_navigation_orders":true,"_surecart_dashboard_navigation_invoices":true,"_surecart_dashboard_navigation_subscriptions":true,"_surecart_dashboard_navigation_downloads":true,"_surecart_dashboard_navigation_billing":true,"_surecart_dashboard_navigation_account":true,"footnotes":""},"class_list":["post-18570","page","type-page","status-publish","has-post-thumbnail","hentry"],"_links":{"self":[{"href":"https:\/\/paraguayinmobiliaria.com\/es\/wp-json\/wp\/v2\/pages\/18570","targetHints":{"allow":["GET"]}}],"collection":[{"href":"https:\/\/paraguayinmobiliaria.com\/es\/wp-json\/wp\/v2\/pages"}],"about":[{"href":"https:\/\/paraguayinmobiliaria.com\/es\/wp-json\/wp\/v2\/types\/page"}],"author":[{"embeddable":true,"href":"https:\/\/paraguayinmobiliaria.com\/es\/wp-json\/wp\/v2\/users\/1"}],"replies":[{"embeddable":true,"href":"https:\/\/paraguayinmobiliaria.com\/es\/wp-json\/wp\/v2\/comments?post=18570"}],"version-history":[{"count":0,"href":"https:\/\/paraguayinmobiliaria.com\/es\/wp-json\/wp\/v2\/pages\/18570\/revisions"}],"wp:featuredmedia":[{"embeddable":true,"href":"https:\/\/paraguayinmobiliaria.com\/es\/wp-json\/wp\/v2\/media\/41468"}],"wp:attachment":[{"href":"https:\/\/paraguayinmobiliaria.com\/es\/wp-json\/wp\/v2\/media?parent=18570"}],"curies":[{"name":"wp","href":"https:\/\/api.w.org\/{rel}","templated":true}]}}