{"id":19158,"date":"2023-02-01T16:13:05","date_gmt":"2023-02-01T16:13:05","guid":{"rendered":"https:\/\/paraguayinmobiliaria.com\/?page_id=19158"},"modified":"2025-10-11T10:51:22","modified_gmt":"2025-10-11T10:51:22","slug":"autovermietung-paraguay-ab-27-pro-tag","status":"publish","type":"page","link":"https:\/\/paraguayinmobiliaria.com\/es\/alquiler-de-coches-paraguay-desde-27-por-dia\/","title":{"rendered":"Alquiler de coches"},"content":{"rendered":"<div data-elementor-type=\"wp-page\" data-elementor-id=\"19158\" class=\"elementor elementor-19158\" data-elementor-post-type=\"page\">\n\t\t\t\t\t\t<section data-particle_enable=\"false\" data-particle-mobile-disabled=\"false\" class=\"elementor-section elementor-top-section elementor-element elementor-element-4c23f85 elementor-section-boxed elementor-section-height-default elementor-section-height-default\" data-id=\"4c23f85\" data-element_type=\"section\" data-e-type=\"section\">\n\t\t\t\t\t\t<div class=\"elementor-container elementor-column-gap-default\">\n\t\t\t\t\t<div class=\"elementor-column elementor-col-100 elementor-top-column elementor-element elementor-element-0e6e639\" data-id=\"0e6e639\" data-element_type=\"column\" data-e-type=\"column\">\n\t\t\t<div class=\"elementor-widget-wrap elementor-element-populated\">\n\t\t\t\t\t\t<div class=\"elementor-element elementor-element-8ba2c8f elementor-widget elementor-widget-houzez_elementor_space\" data-id=\"8ba2c8f\" data-element_type=\"widget\" data-e-type=\"widget\" data-widget_type=\"houzez_elementor_space.default\">\n\t\t\t\t<div class=\"elementor-widget-container\">\n\t\t\t\t\t        <div class=\"houzez-spacer\">\n            <div class=\"houzez-spacer-inner\"><\/div>\n        <\/div>\n        \t\t\t\t<\/div>\n\t\t\t\t<\/div>\n\t\t\t\t\t<\/div>\n\t\t<\/div>\n\t\t\t\t\t<\/div>\n\t\t<\/section>\n\t\t\t\t<section data-particle_enable=\"false\" data-particle-mobile-disabled=\"false\" class=\"elementor-section elementor-top-section elementor-element elementor-element-7bc2ece elementor-section-boxed elementor-section-height-default elementor-section-height-default\" data-id=\"7bc2ece\" data-element_type=\"section\" data-e-type=\"section\">\n\t\t\t\t\t\t<div class=\"elementor-container elementor-column-gap-default\">\n\t\t\t\t\t<div class=\"elementor-column elementor-col-100 elementor-top-column elementor-element elementor-element-ff5fa6e\" data-id=\"ff5fa6e\" data-element_type=\"column\" data-e-type=\"column\">\n\t\t\t<div class=\"elementor-widget-wrap elementor-element-populated\">\n\t\t\t\t\t\t<div class=\"elementor-element elementor-element-cdb2271 elementor-widget elementor-widget-heading\" data-id=\"cdb2271\" data-element_type=\"widget\" data-e-type=\"widget\" data-widget_type=\"heading.default\">\n\t\t\t\t<div class=\"elementor-widget-container\">\n\t\t\t\t\t<h3 class=\"elementor-heading-title elementor-size-default\">Alquiler de coches Paraguay <\/h3>\t\t\t\t<\/div>\n\t\t\t\t<\/div>\n\t\t\t\t\t<\/div>\n\t\t<\/div>\n\t\t\t\t\t<\/div>\n\t\t<\/section>\n\t\t\t\t<section data-particle_enable=\"false\" data-particle-mobile-disabled=\"false\" class=\"elementor-section elementor-top-section elementor-element elementor-element-38f14c9d elementor-section-boxed elementor-section-height-default elementor-section-height-default\" data-id=\"38f14c9d\" data-element_type=\"section\" data-e-type=\"section\">\n\t\t\t\t\t\t<div class=\"elementor-container elementor-column-gap-default\">\n\t\t\t\t\t<div class=\"elementor-column elementor-col-100 elementor-top-column elementor-element elementor-element-1eee7da9\" data-id=\"1eee7da9\" data-element_type=\"column\" data-e-type=\"column\">\n\t\t\t<div class=\"elementor-widget-wrap elementor-element-populated\">\n\t\t\t\t\t\t<div class=\"elementor-element elementor-element-360c5618 elementor-widget elementor-widget-text-editor\" data-id=\"360c5618\" data-element_type=\"widget\" data-e-type=\"widget\" data-widget_type=\"text-editor.default\">\n\t\t\t\t<div class=\"elementor-widget-container\">\n\t\t\t\t\t\t\t\t\t<p><\/p>\n<p><strong>Alquiler de coches Paraguay<\/strong> - Alquile y reserve su coche en Paraguay hoy mismo. Con nuestro <strong>Alquiler de coches Paraguay<\/strong> recibir\u00e1 el coche de alquiler convenientemente entregado en el lugar que desee, de forma gratuita en un radio de 50 kil\u00f3metros. Si tiene alguna duda o problema, nuestro n\u00famero de emergencias est\u00e1 siempre a su disposici\u00f3n. Si su coche de alquiler se aver\u00eda, por supuesto le proporcionaremos un coche de sustituci\u00f3n.<\/p>\n<p>Todos nuestros veh\u00edculos est\u00e1n equipados con seguro a todo riesgo para que est\u00e9 bien cubierto durante su viaje en Paraguay. Con nuestro <strong>Alquiler de coches Paraguay<\/strong> tendr\u00e1 acceso a una amplia gama de coches de alquiler que le permitir\u00e1n llegar a todos los destinos de Paraguay con comodidad y facilidad.<\/p>\n<p>Le ofrecemos un excelente servicio, incluyendo kil\u00f3metros gratis - conduzca con nosotros todo lo que quiera sin incurrir en costes adicionales. Si desea alquilar un coche en Paraguay, somos su socio de confianza. Nuestros precios de alquiler de coches empiezan en atractivos <strong>16$ al d\u00eda<\/strong>.<\/p>\n<p>P\u00f3ngase en contacto con nosotros y reserve su coche hoy mismo en el <strong>Alquiler de coches Paraguay<\/strong>!<\/p>\n<p><\/p>\t\t\t\t\t\t\t\t<\/div>\n\t\t\t\t<\/div>\n\t\t\t\t\t<\/div>\n\t\t<\/div>\n\t\t\t\t\t<\/div>\n\t\t<\/section>\n\t\t\t\t<section data-particle_enable=\"false\" data-particle-mobile-disabled=\"false\" class=\"elementor-section elementor-top-section elementor-element elementor-element-e312fd7 elementor-section-boxed elementor-section-height-default elementor-section-height-default\" data-id=\"e312fd7\" data-element_type=\"section\" data-e-type=\"section\">\n\t\t\t\t\t\t<div class=\"elementor-container elementor-column-gap-default\">\n\t\t\t\t\t<div class=\"elementor-column elementor-col-100 elementor-top-column elementor-element elementor-element-9251987\" data-id=\"9251987\" data-element_type=\"column\" data-e-type=\"column\">\n\t\t\t<div class=\"elementor-widget-wrap elementor-element-populated\">\n\t\t\t\t\t\t<div class=\"elementor-element elementor-element-81f645e elementor-widget elementor-widget-houzez_elementor_space\" data-id=\"81f645e\" data-element_type=\"widget\" data-e-type=\"widget\" data-widget_type=\"houzez_elementor_space.default\">\n\t\t\t\t<div class=\"elementor-widget-container\">\n\t\t\t\t\t        <div class=\"houzez-spacer\">\n            <div class=\"houzez-spacer-inner\"><\/div>\n        <\/div>\n        \t\t\t\t<\/div>\n\t\t\t\t<\/div>\n\t\t\t\t\t<\/div>\n\t\t<\/div>\n\t\t\t\t\t<\/div>\n\t\t<\/section>\n\t\t\t\t<\/div>","protected":false},"excerpt":{"rendered":"<p>Autovermietung Paraguay Autovermietung Paraguay \u2013 Mieten und reservieren Sie noch heute Ihr Auto in Paraguay. Bei unserer Autovermietung Paraguay erhalten Sie den Mietwagen bequem an Ihren Wunschort geliefert \u2013 und das kostenlos innerhalb eines Radius von 50 Kilometern. Sollten Sie Fragen oder Probleme haben, steht Ihnen unsere Notfallnummer jederzeit zur Verf\u00fcgung. Sollte Ihr Mietwagen einmal [&hellip;]<\/p>\n","protected":false},"author":1,"featured_media":19162,"parent":0,"menu_order":0,"comment_status":"closed","ping_status":"closed","template":"template\/template-listing-grid-v1-fullwidth-4cols.php","meta":{"footnotes":""},"class_list":["post-19158","page","type-page","status-publish","has-post-thumbnail","hentry"],"_links":{"self":[{"href":"https:\/\/paraguayinmobiliaria.com\/es\/wp-json\/wp\/v2\/pages\/19158","targetHints":{"allow":["GET"]}}],"collection":[{"href":"https:\/\/paraguayinmobiliaria.com\/es\/wp-json\/wp\/v2\/pages"}],"about":[{"href":"https:\/\/paraguayinmobiliaria.com\/es\/wp-json\/wp\/v2\/types\/page"}],"author":[{"embeddable":true,"href":"https:\/\/paraguayinmobiliaria.com\/es\/wp-json\/wp\/v2\/users\/1"}],"replies":[{"embeddable":true,"href":"https:\/\/paraguayinmobiliaria.com\/es\/wp-json\/wp\/v2\/comments?post=19158"}],"version-history":[{"count":0,"href":"https:\/\/paraguayinmobiliaria.com\/es\/wp-json\/wp\/v2\/pages\/19158\/revisions"}],"wp:featuredmedia":[{"embeddable":true,"href":"https:\/\/paraguayinmobiliaria.com\/es\/wp-json\/wp\/v2\/media\/19162"}],"wp:attachment":[{"href":"https:\/\/paraguayinmobiliaria.com\/es\/wp-json\/wp\/v2\/media?parent=19158"}],"curies":[{"name":"wp","href":"https:\/\/api.w.org\/{rel}","templated":true}]}}