{"id":19264,"date":"2023-02-03T02:01:26","date_gmt":"2023-02-03T02:01:26","guid":{"rendered":"https:\/\/paraguayinmobiliaria.com\/?page_id=19264"},"modified":"2025-11-21T22:26:17","modified_gmt":"2025-11-21T22:26:17","slug":"grundstucke","status":"publish","type":"page","link":"https:\/\/paraguayinmobiliaria.com\/es\/parcelas\/","title":{"rendered":"Terreno"},"content":{"rendered":"<div data-elementor-type=\"wp-page\" data-elementor-id=\"19264\" class=\"elementor elementor-19264\" data-elementor-post-type=\"page\">\n\t\t\t\t\t\t<section data-particle_enable=\"false\" data-particle-mobile-disabled=\"false\" class=\"elementor-section elementor-top-section elementor-element elementor-element-5135755 elementor-section-boxed elementor-section-height-default elementor-section-height-default\" data-id=\"5135755\" data-element_type=\"section\" data-e-type=\"section\">\n\t\t\t\t\t\t<div class=\"elementor-container elementor-column-gap-default\">\n\t\t\t\t\t<div class=\"elementor-column elementor-col-100 elementor-top-column elementor-element elementor-element-ec227aa\" data-id=\"ec227aa\" data-element_type=\"column\" data-e-type=\"column\">\n\t\t\t<div class=\"elementor-widget-wrap elementor-element-populated\">\n\t\t\t\t\t\t<div class=\"elementor-element elementor-element-aca7a2b elementor-widget elementor-widget-houzez_elementor_space\" data-id=\"aca7a2b\" data-element_type=\"widget\" data-e-type=\"widget\" data-widget_type=\"houzez_elementor_space.default\">\n\t\t\t\t<div class=\"elementor-widget-container\">\n\t\t\t\t\t        <div class=\"houzez-spacer\">\n            <div class=\"houzez-spacer-inner\"><\/div>\n        <\/div>\n        \t\t\t\t<\/div>\n\t\t\t\t<\/div>\n\t\t\t\t\t<\/div>\n\t\t<\/div>\n\t\t\t\t\t<\/div>\n\t\t<\/section>\n\t\t\t\t<section data-particle_enable=\"false\" data-particle-mobile-disabled=\"false\" class=\"elementor-section elementor-top-section elementor-element elementor-element-5d12fbb elementor-section-boxed elementor-section-height-default elementor-section-height-default\" data-id=\"5d12fbb\" data-element_type=\"section\" data-e-type=\"section\">\n\t\t\t\t\t\t<div class=\"elementor-container elementor-column-gap-default\">\n\t\t\t\t\t<div class=\"elementor-column elementor-col-100 elementor-top-column elementor-element elementor-element-9f7d370\" data-id=\"9f7d370\" data-element_type=\"column\" data-e-type=\"column\">\n\t\t\t<div class=\"elementor-widget-wrap elementor-element-populated\">\n\t\t\t\t\t\t<div class=\"elementor-element elementor-element-1f3fa4c elementor-widget elementor-widget-heading\" data-id=\"1f3fa4c\" data-element_type=\"widget\" data-e-type=\"widget\" data-widget_type=\"heading.default\">\n\t\t\t\t<div class=\"elementor-widget-container\">\n\t\t\t\t\t<h4 class=\"elementor-heading-title elementor-size-default\">Comprar un terreno en Paraguay y construir una casa<\/h4>\t\t\t\t<\/div>\n\t\t\t\t<\/div>\n\t\t\t\t\t<\/div>\n\t\t<\/div>\n\t\t\t\t\t<\/div>\n\t\t<\/section>\n\t\t\t\t<section data-particle_enable=\"false\" data-particle-mobile-disabled=\"false\" class=\"elementor-section elementor-top-section elementor-element elementor-element-6013b817 elementor-section-boxed elementor-section-height-default elementor-section-height-default\" data-id=\"6013b817\" data-element_type=\"section\" data-e-type=\"section\">\n\t\t\t\t\t\t<div class=\"elementor-container elementor-column-gap-default\">\n\t\t\t\t\t<div class=\"elementor-column elementor-col-100 elementor-top-column elementor-element elementor-element-63e74f1d\" data-id=\"63e74f1d\" data-element_type=\"column\" data-e-type=\"column\">\n\t\t\t<div class=\"elementor-widget-wrap elementor-element-populated\">\n\t\t\t\t\t\t<div class=\"elementor-element elementor-element-48386786 elementor-widget elementor-widget-text-editor\" data-id=\"48386786\" data-element_type=\"widget\" data-e-type=\"widget\" data-widget_type=\"text-editor.default\">\n\t\t\t\t<div class=\"elementor-widget-container\">\n\t\t\t\t\t\t\t\t\t<p>Compre su nueva propiedad en Paraguay con <strong>Paraguay Inmobiliaria<\/strong>. Le ofrecemos una variada selecci\u00f3n de inmuebles de diferentes categor\u00edas y precios. Tanto si busca una <strong>Comprar inmuebles<\/strong> o quiere construir una casa directamente, somos su socio de confianza.\u00a0<a href=\"https:\/\/paraguayinmobiliaria.com\/es\/panoramica-vuelo-sobre-asuncion-mas\/\" target=\"_blank\" rel=\"noopener\">Pulse aqu\u00ed<\/a>para saber m\u00e1s sobre las posibilidades de construir una casa en Paraguay.<\/p>\n<p>Para m\u00e1s informaci\u00f3n sobre la compra de su propiedad, no dude en ponerse en contacto con nosotros. Visite el punto del men\u00fa \"Qui\u00e9nes somos\" o p\u00f3ngase en contacto con nosotros directamente. Le acompa\u00f1aremos desde la primera reuni\u00f3n hasta la firma del contrato y m\u00e1s all\u00e1. Como su contacto local, estamos siempre a su lado.<\/p>\n<p>Tenga en cuenta que algunos pagos deben efectuarse en guaran\u00ed. El importe respectivo se indica en la descripci\u00f3n de la propiedad y corresponde al valor actual en d\u00f3lares estadounidenses. Pueden producirse ligeras desviaciones debido a las fluctuaciones del tipo de cambio.<a style=\"background-color: #f8f8f8;\" href=\"https:\/\/www.pic-a-house.com\/\" target=\"_blank\" rel=\"noopener\">.<\/a><\/p>\n<p>\u00bfEst\u00e1 interesado en comprar una casa?\u00a0<a href=\"https:\/\/paraguayinmobiliaria.com\/es\/inmobiliario\/\" target=\"_blank\" rel=\"noopener\">Pulse aqu\u00ed<\/a>para saber m\u00e1s.\u00a0<\/p>\n<p><!-- \/wp:paragraph --><\/p>\n<p><!-- wp:paragraph --><\/p>\n<p><!-- \/wp:paragraph --><\/p>\t\t\t\t\t\t\t\t<\/div>\n\t\t\t\t<\/div>\n\t\t\t\t\t<\/div>\n\t\t<\/div>\n\t\t\t\t\t<\/div>\n\t\t<\/section>\n\t\t\t\t<section data-particle_enable=\"false\" data-particle-mobile-disabled=\"false\" class=\"elementor-section elementor-top-section elementor-element elementor-element-434f147 elementor-section-boxed elementor-section-height-default elementor-section-height-default\" data-id=\"434f147\" data-element_type=\"section\" data-e-type=\"section\">\n\t\t\t\t\t\t<div class=\"elementor-container elementor-column-gap-default\">\n\t\t\t\t\t<div class=\"elementor-column elementor-col-100 elementor-top-column elementor-element elementor-element-fd0bca2\" data-id=\"fd0bca2\" data-element_type=\"column\" data-e-type=\"column\">\n\t\t\t<div class=\"elementor-widget-wrap elementor-element-populated\">\n\t\t\t\t\t\t<div class=\"elementor-element elementor-element-66a3823 elementor-widget elementor-widget-houzez_elementor_space\" data-id=\"66a3823\" data-element_type=\"widget\" data-e-type=\"widget\" data-widget_type=\"houzez_elementor_space.default\">\n\t\t\t\t<div class=\"elementor-widget-container\">\n\t\t\t\t\t        <div class=\"houzez-spacer\">\n            <div class=\"houzez-spacer-inner\"><\/div>\n        <\/div>\n        \t\t\t\t<\/div>\n\t\t\t\t<\/div>\n\t\t\t\t\t<\/div>\n\t\t<\/div>\n\t\t\t\t\t<\/div>\n\t\t<\/section>\n\t\t\t\t<\/div>","protected":false},"excerpt":{"rendered":"<p>Paraguay Grundst\u00fcck kaufen und Haus bauen Erwerben Sie Ihr neues Grundst\u00fcck in Paraguay mit Paraguay Inmobiliaria. Wir bieten Ihnen eine vielf\u00e4ltige Auswahl an Grundst\u00fccken in unterschiedlichen Kategorien und Preisklassen. Ob Sie ein Grundst\u00fcck kaufen oder direkt ein Haus bauen m\u00f6chten \u2013 wir sind Ihr zuverl\u00e4ssiger Partner.\u00a0Klicken Sie hier, um mehr \u00fcber die M\u00f6glichkeiten des Hausbaus [&hellip;]<\/p>\n","protected":false},"author":1,"featured_media":19139,"parent":0,"menu_order":0,"comment_status":"closed","ping_status":"closed","template":"template\/template-listing-grid-v1-fullwidth-3cols.php","meta":{"footnotes":""},"class_list":["post-19264","page","type-page","status-publish","has-post-thumbnail","hentry"],"_links":{"self":[{"href":"https:\/\/paraguayinmobiliaria.com\/es\/wp-json\/wp\/v2\/pages\/19264","targetHints":{"allow":["GET"]}}],"collection":[{"href":"https:\/\/paraguayinmobiliaria.com\/es\/wp-json\/wp\/v2\/pages"}],"about":[{"href":"https:\/\/paraguayinmobiliaria.com\/es\/wp-json\/wp\/v2\/types\/page"}],"author":[{"embeddable":true,"href":"https:\/\/paraguayinmobiliaria.com\/es\/wp-json\/wp\/v2\/users\/1"}],"replies":[{"embeddable":true,"href":"https:\/\/paraguayinmobiliaria.com\/es\/wp-json\/wp\/v2\/comments?post=19264"}],"version-history":[{"count":0,"href":"https:\/\/paraguayinmobiliaria.com\/es\/wp-json\/wp\/v2\/pages\/19264\/revisions"}],"wp:featuredmedia":[{"embeddable":true,"href":"https:\/\/paraguayinmobiliaria.com\/es\/wp-json\/wp\/v2\/media\/19139"}],"wp:attachment":[{"href":"https:\/\/paraguayinmobiliaria.com\/es\/wp-json\/wp\/v2\/media?parent=19264"}],"curies":[{"name":"wp","href":"https:\/\/api.w.org\/{rel}","templated":true}]}}