{"id":16650,"date":"2020-02-24T22:15:15","date_gmt":"2020-02-24T22:15:15","guid":{"rendered":"https:\/\/demo01.houzez.co\/?page_id=16650"},"modified":"2025-12-25T22:40:48","modified_gmt":"2025-12-25T21:40:48","slug":"ueber-uns","status":"publish","type":"page","link":"https:\/\/paraguayinmobiliaria.com\/pt\/compra-de-casa-no-paraguai-casa-no-paraguai\/","title":{"rendered":"Sobre n\u00f3s"},"content":{"rendered":"<div data-elementor-type=\"wp-page\" data-elementor-id=\"16650\" class=\"elementor elementor-16650\" data-elementor-post-type=\"page\">\n\t\t\t\t\t\t<section data-particle_enable=\"false\" data-particle-mobile-disabled=\"false\" class=\"elementor-section elementor-top-section elementor-element elementor-element-5b81e21 elementor-section-height-min-height animated-slow elementor-section-boxed elementor-section-height-default elementor-section-items-middle elementor-invisible\" data-id=\"5b81e21\" data-element_type=\"section\" data-e-type=\"section\" data-settings=\"{&quot;background_background&quot;:&quot;classic&quot;,&quot;animation&quot;:&quot;fadeIn&quot;}\">\n\t\t\t\t\t\t\t<div class=\"elementor-background-overlay\"><\/div>\n\t\t\t\t\t\t\t<div class=\"elementor-container elementor-column-gap-extended\">\n\t\t\t\t\t<div class=\"elementor-column elementor-col-100 elementor-top-column elementor-element elementor-element-ad367f8\" data-id=\"ad367f8\" data-element_type=\"column\" data-e-type=\"column\">\n\t\t\t<div class=\"elementor-widget-wrap elementor-element-populated\">\n\t\t\t\t\t\t<div class=\"elementor-element elementor-element-0e7939f elementor-widget elementor-widget-heading\" data-id=\"0e7939f\" data-element_type=\"widget\" data-e-type=\"widget\" data-widget_type=\"heading.default\">\n\t\t\t\t<div class=\"elementor-widget-container\">\n\t\t\t\t\t<h4 class=\"elementor-heading-title elementor-size-default\">Paraguai Imobili\u00e1ria<\/h4>\t\t\t\t<\/div>\n\t\t\t\t<\/div>\n\t\t\t\t\t<\/div>\n\t\t<\/div>\n\t\t\t\t\t<\/div>\n\t\t<\/section>\n\t\t\t\t<section data-particle_enable=\"false\" data-particle-mobile-disabled=\"false\" class=\"elementor-section elementor-top-section elementor-element elementor-element-3cfcd88 elementor-section-boxed elementor-section-height-default elementor-section-height-default\" data-id=\"3cfcd88\" data-element_type=\"section\" data-e-type=\"section\">\n\t\t\t\t\t\t<div class=\"elementor-container elementor-column-gap-default\">\n\t\t\t\t\t<div class=\"elementor-column elementor-col-100 elementor-top-column elementor-element elementor-element-272ded2\" data-id=\"272ded2\" data-element_type=\"column\" data-e-type=\"column\">\n\t\t\t<div class=\"elementor-widget-wrap elementor-element-populated\">\n\t\t\t\t\t\t<div class=\"elementor-element elementor-element-8053711 elementor-widget elementor-widget-houzez_elementor_space\" data-id=\"8053711\" data-element_type=\"widget\" data-e-type=\"widget\" data-widget_type=\"houzez_elementor_space.default\">\n\t\t\t\t<div class=\"elementor-widget-container\">\n\t\t\t\t\t        <div class=\"houzez-spacer\">\n            <div class=\"houzez-spacer-inner\"><\/div>\n        <\/div>\n        \t\t\t\t<\/div>\n\t\t\t\t<\/div>\n\t\t\t\t\t<\/div>\n\t\t<\/div>\n\t\t\t\t\t<\/div>\n\t\t<\/section>\n\t\t\t\t<section data-particle_enable=\"false\" data-particle-mobile-disabled=\"false\" class=\"elementor-section elementor-top-section elementor-element elementor-element-e7c908c elementor-section-boxed elementor-section-height-default elementor-section-height-default\" data-id=\"e7c908c\" data-element_type=\"section\" data-e-type=\"section\">\n\t\t\t\t\t\t<div class=\"elementor-container elementor-column-gap-default\">\n\t\t\t\t\t<div class=\"elementor-column elementor-col-100 elementor-top-column elementor-element elementor-element-a9f252e\" data-id=\"a9f252e\" data-element_type=\"column\" data-e-type=\"column\">\n\t\t\t<div class=\"elementor-widget-wrap elementor-element-populated\">\n\t\t\t\t\t\t<div class=\"elementor-element elementor-element-885d8d0 elementor-widget elementor-widget-text-editor\" data-id=\"885d8d0\" data-element_type=\"widget\" data-e-type=\"widget\" data-widget_type=\"text-editor.default\">\n\t\t\t\t<div class=\"elementor-widget-container\">\n\t\t\t\t\t\t\t\t\t<h1 data-start=\"168\" data-end=\"239\">\ud83c\uddf5\ud83c\uddfe Paraguay Inmobiliaria - Im\u00f3veis com confian\u00e7a e experi\u00eancia<\/h1><h2 data-start=\"241\" data-end=\"291\">Uma empresa que cresce com seus clientes<\/h2><p data-start=\"293\" data-end=\"621\">O que come\u00e7ou h\u00e1 cinco anos em <strong data-start=\"316\" data-end=\"334\">S\u00e3o Bernardino<\/strong> come\u00e7ou com uma vis\u00e3o clara e hoje se tornou um parceiro forte para o setor imobili\u00e1rio em todo o mundo. <strong data-start=\"425\" data-end=\"437\">Paraguai<\/strong> tornar-se.<br data-start=\"447\" data-end=\"450\" \/>Desde ent\u00e3o, temos apoiado pessoas de todo o mundo que est\u00e3o procurando uma casa ou um investimento seguro no Paraguai com muito comprometimento e uma rede em constante crescimento.<\/p><p data-start=\"623\" data-end=\"844\"><strong data-start=\"623\" data-end=\"648\">Paraguai Imobili\u00e1ria<\/strong> significa confiabilidade, abertura e suporte pessoal.<br data-start=\"712\" data-end=\"715\" \/>Queremos que voc\u00ea sinta que est\u00e1 em boas m\u00e3os em todas as etapas do processo, desde a primeira consulta at\u00e9 a mudan\u00e7a para sua nova casa.<\/p><hr data-start=\"846\" data-end=\"849\" \/><h2 data-start=\"851\" data-end=\"883\">Propriedade em todo o Paraguai<\/h2><p data-start=\"885\" data-end=\"1206\">Se <strong data-start=\"888\" data-end=\"924\">Casa, propriedade ou im\u00f3vel para aluguel<\/strong> - Oferecemos a voc\u00ea uma sele\u00e7\u00e3o diversificada de propriedades no Paraguai, cuidadosamente verificadas e localizadas nas regi\u00f5es mais populares do pa\u00eds.<br data-start=\"1059\" data-end=\"1062\" \/>Nossa equipe conhece profundamente o mercado, as localidades e as condi\u00e7\u00f5es locais e o ajudar\u00e1 a encontrar o <strong data-start=\"1171\" data-end=\"1193\">propriedade adequada<\/strong> para encontrar.<\/p><p data-start=\"1208\" data-end=\"1410\">Gra\u00e7as \u00e0 coopera\u00e7\u00e3o com parceiros experientes da <strong data-start=\"1265\" data-end=\"1295\">Setor de constru\u00e7\u00e3o e imobili\u00e1rio<\/strong> Tamb\u00e9m podemos realizar desejos individuais - desde a constru\u00e7\u00e3o de uma casa no Paraguai at\u00e9 a reforma de propriedades existentes.<\/p><hr data-start=\"1412\" data-end=\"1415\" \/><h2 data-start=\"1417\" data-end=\"1466\">Suporte personalizado com o cora\u00e7\u00e3o e a mente<\/h2><p data-start=\"1468\" data-end=\"1737\">A compra de um im\u00f3vel em um novo pa\u00eds \u00e9 sempre algo especial. \u00c9 por isso que dedicamos tempo a voc\u00ea.<br data-start=\"1571\" data-end=\"1574\" \/>Respondemos \u00e0s suas perguntas com honestidade, explicamos os processos com clareza e o acompanhamos em cada etapa do processo - e estamos aqui para ajudar. <strong data-start=\"1691\" data-end=\"1734\">Transparente, confi\u00e1vel e pessoal<\/strong>.<\/p><p data-start=\"1739\" data-end=\"1893\">Mesmo depois de voc\u00ea ter comprado ou alugado um im\u00f3vel, estaremos \u00e0 sua disposi\u00e7\u00e3o e o apoiaremos quando voc\u00ea chegar ao Paraguai ou quiser se reorientar aqui.<\/p><hr data-start=\"1895\" data-end=\"1898\" \/><h2 data-start=\"1900\" data-end=\"1963\">Imigrando para o Paraguai - N\u00f3s o acompanhamos em seu caminho<\/h2><p data-start=\"1965\" data-end=\"2341\">Al\u00e9m da compra de im\u00f3veis, agora tamb\u00e9m podemos ajud\u00e1-lo com <strong data-start=\"2030\" data-end=\"2060\">Imigra\u00e7\u00e3o para o Paraguai<\/strong>.<br data-start=\"2061\" data-end=\"2064\" \/>Nossa equipe o guiar\u00e1 passo a passo durante todo o processo de migra\u00e7\u00e3o, desde a consulta inicial at\u00e9 a autoriza\u00e7\u00e3o de resid\u00eancia.<br data-start=\"2203\" data-end=\"2206\" \/>Assim, voc\u00ea n\u00e3o apenas recebe sua nova casa, mas tamb\u00e9m um <strong data-start=\"2270\" data-end=\"2307\">in\u00edcio seguro e bem organizado<\/strong> \u00e0 sua nova vida no Paraguai.<\/p><hr data-start=\"2343\" data-end=\"2346\" \/><h2 data-start=\"2348\" data-end=\"2371\">Chegar juntos<\/h2><p data-start=\"2373\" data-end=\"2643\">Nossas ra\u00edzes est\u00e3o em <strong data-start=\"2398\" data-end=\"2416\">S\u00e3o Bernardino<\/strong>mas hoje estamos <strong data-start=\"2438\" data-end=\"2458\">ativo em todo o pa\u00eds<\/strong>.<br data-start=\"2459\" data-end=\"2462\" \/>O que continua sendo particularmente importante para n\u00f3s: o <strong data-start=\"2506\" data-end=\"2532\">Proximidade com nossos clientes<\/strong>.<br data-start=\"2533\" data-end=\"2536\" \/>Muitos de nossos clientes em potencial se tornam conhecidos - \u00e0s vezes at\u00e9 amigos - durante o trabalho conosco.<\/p><p data-start=\"2645\" data-end=\"2787\">Se quiser saber mais sobre o mercado imobili\u00e1rio no Paraguai ou sobre as ofertas atuais, aguardamos seu contato.<\/p><p data-start=\"2789\" data-end=\"2895\">\ud83d\udcde <strong data-start=\"2792\" data-end=\"2822\">Fique \u00e0 vontade para entrar em contato conosco<\/strong>se voc\u00ea tiver alguma d\u00favida ou quiser uma orienta\u00e7\u00e3o n\u00e3o vinculativa.<\/p><hr data-start=\"2897\" data-end=\"2900\" \/><h3 data-start=\"2902\" data-end=\"2995\">Paraguay Inmobiliaria - pessoal, confi\u00e1vel e apaixonado por im\u00f3veis.<\/h3>\t\t\t\t\t\t\t\t<\/div>\n\t\t\t\t<\/div>\n\t\t\t\t\t<\/div>\n\t\t<\/div>\n\t\t\t\t\t<\/div>\n\t\t<\/section>\n\t\t\t\t<\/div>","protected":false},"excerpt":{"rendered":"<p>Paraguay Inmobiliaria \ud83c\uddf5\ud83c\uddfe Paraguay Inmobiliaria \u2013 Immobilien mit Vertrauen und Erfahrung Ein Unternehmen, das mit seinen Kunden w\u00e4chst Was vor f\u00fcnf Jahren in San Bernardino mit einer klaren Vision begann, ist heute zu einem starken Partner f\u00fcr Immobilien in ganz Paraguay geworden.Mit viel Engagement und einem stetig wachsenden Netzwerk begleiten wir seitdem Menschen aus aller [&hellip;]<\/p>\n","protected":false},"author":1,"featured_media":18249,"parent":0,"menu_order":0,"comment_status":"closed","ping_status":"closed","template":"elementor_header_footer","meta":{"footnotes":""},"class_list":["post-16650","page","type-page","status-publish","has-post-thumbnail","hentry"],"_links":{"self":[{"href":"https:\/\/paraguayinmobiliaria.com\/pt\/wp-json\/wp\/v2\/pages\/16650","targetHints":{"allow":["GET"]}}],"collection":[{"href":"https:\/\/paraguayinmobiliaria.com\/pt\/wp-json\/wp\/v2\/pages"}],"about":[{"href":"https:\/\/paraguayinmobiliaria.com\/pt\/wp-json\/wp\/v2\/types\/page"}],"author":[{"embeddable":true,"href":"https:\/\/paraguayinmobiliaria.com\/pt\/wp-json\/wp\/v2\/users\/1"}],"replies":[{"embeddable":true,"href":"https:\/\/paraguayinmobiliaria.com\/pt\/wp-json\/wp\/v2\/comments?post=16650"}],"version-history":[{"count":0,"href":"https:\/\/paraguayinmobiliaria.com\/pt\/wp-json\/wp\/v2\/pages\/16650\/revisions"}],"wp:featuredmedia":[{"embeddable":true,"href":"https:\/\/paraguayinmobiliaria.com\/pt\/wp-json\/wp\/v2\/media\/18249"}],"wp:attachment":[{"href":"https:\/\/paraguayinmobiliaria.com\/pt\/wp-json\/wp\/v2\/media?parent=16650"}],"curies":[{"name":"wp","href":"https:\/\/api.w.org\/{rel}","templated":true}]}}