{"id":17595,"date":"2022-12-28T11:00:58","date_gmt":"2022-12-28T11:00:58","guid":{"rendered":"https:\/\/paraguayinmobiliaria.com\/?page_id=17595"},"modified":"2025-12-02T11:36:36","modified_gmt":"2025-12-02T10:36:36","slug":"haus-mieten-paraguay","status":"publish","type":"page","link":"https:\/\/paraguayinmobiliaria.com\/pt\/alugavel15\/","title":{"rendered":"Propriedades de aluguel"},"content":{"rendered":"<div data-elementor-type=\"wp-page\" data-elementor-id=\"17595\" class=\"elementor elementor-17595\" data-elementor-post-type=\"page\">\n\t\t\t\t\t\t<section data-particle_enable=\"false\" data-particle-mobile-disabled=\"false\" class=\"elementor-section elementor-top-section elementor-element elementor-element-73541b9 elementor-section-boxed elementor-section-height-default elementor-section-height-default\" data-id=\"73541b9\" data-element_type=\"section\" data-e-type=\"section\">\n\t\t\t\t\t\t<div class=\"elementor-container elementor-column-gap-default\">\n\t\t\t\t\t<div class=\"elementor-column elementor-col-100 elementor-top-column elementor-element elementor-element-0b7e82e\" data-id=\"0b7e82e\" data-element_type=\"column\" data-e-type=\"column\">\n\t\t\t<div class=\"elementor-widget-wrap elementor-element-populated\">\n\t\t\t\t\t\t<div class=\"elementor-element elementor-element-0dcc8b9 elementor-widget elementor-widget-houzez_elementor_space\" data-id=\"0dcc8b9\" data-element_type=\"widget\" data-e-type=\"widget\" data-widget_type=\"houzez_elementor_space.default\">\n\t\t\t\t<div class=\"elementor-widget-container\">\n\t\t\t\t\t        <div class=\"houzez-spacer\">\n            <div class=\"houzez-spacer-inner\"><\/div>\n        <\/div>\n        \t\t\t\t<\/div>\n\t\t\t\t<\/div>\n\t\t\t\t\t<\/div>\n\t\t<\/div>\n\t\t\t\t\t<\/div>\n\t\t<\/section>\n\t\t\t\t<section data-particle_enable=\"false\" data-particle-mobile-disabled=\"false\" class=\"elementor-section elementor-top-section elementor-element elementor-element-3e4f63d elementor-section-boxed elementor-section-height-default elementor-section-height-default\" data-id=\"3e4f63d\" data-element_type=\"section\" data-e-type=\"section\">\n\t\t\t\t\t\t<div class=\"elementor-container elementor-column-gap-default\">\n\t\t\t\t\t<div class=\"elementor-column elementor-col-100 elementor-top-column elementor-element elementor-element-e8a542f\" data-id=\"e8a542f\" data-element_type=\"column\" data-e-type=\"column\">\n\t\t\t<div class=\"elementor-widget-wrap elementor-element-populated\">\n\t\t\t\t\t\t<div class=\"elementor-element elementor-element-deaeddd elementor-widget elementor-widget-heading\" data-id=\"deaeddd\" data-element_type=\"widget\" data-e-type=\"widget\" data-widget_type=\"heading.default\">\n\t\t\t\t<div class=\"elementor-widget-container\">\n\t\t\t\t\t<h1 class=\"elementor-heading-title elementor-size-default\"><a href=\"https:\/\/paraguayinmobiliaria.com\/pt\/alugavel15\/\">casas no paraguai para alugar <\/a><\/h1>\t\t\t\t<\/div>\n\t\t\t\t<\/div>\n\t\t\t\t\t<\/div>\n\t\t<\/div>\n\t\t\t\t\t<\/div>\n\t\t<\/section>\n\t\t\t\t<section data-particle_enable=\"false\" data-particle-mobile-disabled=\"false\" class=\"elementor-section elementor-top-section elementor-element elementor-element-6842693e elementor-section-boxed elementor-section-height-default elementor-section-height-default\" data-id=\"6842693e\" data-element_type=\"section\" data-e-type=\"section\">\n\t\t\t\t\t\t<div class=\"elementor-container elementor-column-gap-default\">\n\t\t\t\t\t<div class=\"elementor-column elementor-col-100 elementor-top-column elementor-element elementor-element-23814d30\" data-id=\"23814d30\" data-element_type=\"column\" data-e-type=\"column\">\n\t\t\t<div class=\"elementor-widget-wrap elementor-element-populated\">\n\t\t\t\t\t\t<div class=\"elementor-element elementor-element-62f85301 elementor-widget elementor-widget-text-editor\" data-id=\"62f85301\" data-element_type=\"widget\" data-e-type=\"widget\" data-widget_type=\"text-editor.default\">\n\t\t\t\t<div class=\"elementor-widget-container\">\n\t\t\t\t\t\t\t\t\t<p data-start=\"401\" data-end=\"510\"><strong data-start=\"401\" data-end=\"510\">Rent a house Paraguay - seu parceiro confi\u00e1vel para aluguel de im\u00f3veis de alta qualidade e servi\u00e7o personalizado<\/strong><\/p><p data-start=\"512\" data-end=\"1128\">Quem \u00e9 um <em data-start=\"520\" data-end=\"545\">Alugar uma casa no Paraguai<\/em> n\u00e3o espera apenas uma bela propriedade, mas tamb\u00e9m um servi\u00e7o profissional, transparente e confi\u00e1vel. \u00c9 exatamente isso que oferecemos a voc\u00ea <strong data-start=\"693\" data-end=\"718\">Paraguai Imobili\u00e1ria<\/strong>. N\u00f3s o acompanhamos passo a passo no caminho para a sua nova casa - desde a consulta inicial, a visita e a assinatura do contrato at\u00e9 o suporte de longo prazo durante a loca\u00e7\u00e3o. Com nossa ampla rede, nossa experi\u00eancia local e nosso foco nos padr\u00f5es de qualidade alem\u00e3es, somos seu parceiro competente para todos os aspectos de <strong data-start=\"1103\" data-end=\"1127\">casas no paraguai para alugar<\/strong>.<\/p><p data-start=\"1130\" data-end=\"1608\">Muitas pessoas decidem alugar uma casa primeiro e, ao mesmo tempo, ter sua pr\u00f3pria propriedade constru\u00edda sob medida. Essa combina\u00e7\u00e3o oferece o m\u00e1ximo de flexibilidade e seguran\u00e7a. Portanto, se voc\u00ea <em data-start=\"1338\" data-end=\"1449\">deseja alugar um im\u00f3vel e, ao mesmo tempo, ter sua pr\u00f3pria casa constru\u00edda de acordo com os padr\u00f5es de qualidade alem\u00e3es<\/em>, voc\u00ea encontrar\u00e1 as condi\u00e7\u00f5es ideais conosco. Clique aqui para saber mais sobre nossa constru\u00e7\u00e3o de casas profissionais e as v\u00e1rias op\u00e7\u00f5es de constru\u00e7\u00e3o.<\/p><h2 data-start=\"1610\" data-end=\"1696\"><strong data-start=\"1613\" data-end=\"1696\">Uma ampla gama de ofertas de aluguel para todos os or\u00e7amentos - alugar uma casa no Paraguai ficou f\u00e1cil<\/strong><\/h2><p data-start=\"1698\" data-end=\"2319\">Nosso portf\u00f3lio inclui uma ampla variedade de im\u00f3veis para aluguel em diferentes categorias, estilos arquitet\u00f4nicos e faixas de pre\u00e7o. N\u00e3o importa se voc\u00ea est\u00e1 procurando uma casa moderna, uma casa no campo, uma vila luxuosa ou uma propriedade funcional para lhe servir - conosco voc\u00ea encontrar\u00e1 ofertas de aluguel adequadas para cada estilo de vida.<br data-start=\"2030\" data-end=\"2033\" \/>O mercado de im\u00f3veis para aluguel no Paraguai \u00e9 diversificado, mas nem sempre \u00e9 f\u00e1cil de navegar. Nossa apresenta\u00e7\u00e3o transparente de todas as propriedades, informa\u00e7\u00f5es completas e a possibilidade de agendamento r\u00e1pido de visitas tornam o processo o mais f\u00e1cil poss\u00edvel para voc\u00ea.<\/p><p data-start=\"2321\" data-end=\"2741\">Se voc\u00ea tiver um <strong data-start=\"2334\" data-end=\"2361\">Alugar uma casa no Paraguai<\/strong>, \u00e9 importante conhecer as particularidades espec\u00edficas do pa\u00eds, especialmente no que diz respeito \u00e0s condi\u00e7\u00f5es de aluguel, termos de pagamento e contratos. Uma grande vantagem: oferecemos <strong data-start=\"2531\" data-end=\"2576\">Contratos de aluguel redigidos por profissionais<\/strong>, que estejam em conformidade com a legisla\u00e7\u00e3o, sejam completos e equilibrados. Isso significa que voc\u00ea sabe exatamente no que est\u00e1 se metendo e est\u00e1 protegido contra surpresas desagrad\u00e1veis.<\/p><h2 data-start=\"2743\" data-end=\"2814\"><strong data-start=\"2746\" data-end=\"2814\">Suporte pessoal e conhecimento local - sua vantagem no local<\/strong><\/h2><p data-start=\"2816\" data-end=\"3043\">Muitas partes interessadas acham que os alugu\u00e9is no Paraguai geralmente s\u00e3o organizados de maneira informal ou superficial. Conosco, isso \u00e9 diferente. Se voc\u00ea alugar um im\u00f3vel por meio da Paraguay Inmobiliaria <strong data-start=\"2994\" data-end=\"3021\">Alugar uma casa no Paraguai<\/strong>, voc\u00ea se beneficia:<\/p><ul data-start=\"3045\" data-end=\"3206\"><li data-start=\"3045\" data-end=\"3078\"><p data-start=\"3047\" data-end=\"3078\"><strong data-start=\"3047\" data-end=\"3078\">comunica\u00e7\u00e3o confi\u00e1vel<\/strong><\/p><\/li><li data-start=\"3079\" data-end=\"3102\"><p data-start=\"3081\" data-end=\"3102\"><strong data-start=\"3081\" data-end=\"3102\">estruturas claras<\/strong><\/p><\/li><li data-start=\"3103\" data-end=\"3136\"><p data-start=\"3105\" data-end=\"3136\"><strong data-start=\"3105\" data-end=\"3136\">documenta\u00e7\u00e3o transparente<\/strong><\/p><\/li><li data-start=\"3137\" data-end=\"3162\"><p data-start=\"3139\" data-end=\"3162\"><strong data-start=\"3139\" data-end=\"3162\">respostas r\u00e1pidas<\/strong><\/p><\/li><li data-start=\"3163\" data-end=\"3206\"><p data-start=\"3165\" data-end=\"3206\"><strong data-start=\"3165\" data-end=\"3206\">Suporte durante todo o processo<\/strong><\/p><\/li><\/ul><h2 data-start=\"3561\" data-end=\"3622\"><strong data-start=\"3564\" data-end=\"3622\">Aluguel de uma casa no Paraguai - pre\u00e7os claros, condi\u00e7\u00f5es justas<\/strong><\/h2><p data-start=\"3624\" data-end=\"4140\">Para muitas propriedades de aluguel no Paraguai, parte do aluguel \u00e9 paga em <strong data-start=\"3687\" data-end=\"3704\">Guarani (PYG)<\/strong> pagos. Os valores s\u00e3o baseados no respectivo valor em d\u00f3lares americanos, que est\u00e1 indicado na descri\u00e7\u00e3o da propriedade. Pode haver pequenas varia\u00e7\u00f5es devido \u00e0s flutua\u00e7\u00f5es da taxa de c\u00e2mbio, mas n\u00f3s o informaremos com transpar\u00eancia sobre todos os detalhes relevantes. Al\u00e9m disso, para algumas propriedades <strong data-start=\"4001\" data-end=\"4020\">Honor\u00e1rios do jardineiro<\/strong> ou outros custos adicionais incorridos - voc\u00ea encontrar\u00e1 essas informa\u00e7\u00f5es de forma clara e compreens\u00edvel em cada descri\u00e7\u00e3o de propriedade.<\/p><p data-start=\"4142\" data-end=\"4407\">Damos grande import\u00e2ncia \u00e0 garantia de que todas as presta\u00e7\u00f5es do aluguel e todos os itens de custo sejam listados de forma clara e completa para voc\u00ea. Se voc\u00ea tiver um <strong data-start=\"4281\" data-end=\"4308\">Alugar uma casa no Paraguai<\/strong>, A clareza \u00e9 fundamental, e garantimos que voc\u00ea esteja totalmente informado o tempo todo.<\/p><h2 data-start=\"4409\" data-end=\"4497\"><strong data-start=\"4412\" data-end=\"4497\">Apresenta\u00e7\u00e3o profissional de sua propriedade - colocamos sua casa sob a melhor luz poss\u00edvel<\/strong><\/h2><p data-start=\"4499\" data-end=\"4742\">Voc\u00ea gostaria de alugar seu pr\u00f3prio im\u00f3vel e apresent\u00e1-lo de forma profissional? Teremos prazer em ajud\u00e1-lo com isso tamb\u00e9m. Com imagens de alta qualidade, descri\u00e7\u00f5es claras e marketing direcionado, apresentaremos sua propriedade da melhor maneira poss\u00edvel.<\/p><p data-start=\"4744\" data-end=\"4847\">Clique aqui se quiser saber mais sobre como podemos alugar seu im\u00f3vel com sucesso.<\/p><h2 data-start=\"4849\" data-end=\"4930\"><strong data-start=\"4852\" data-end=\"4930\">Seu caminho para um novo lar - Alugue uma casa no Paraguai com a Paraguay Inmobiliaria<\/strong><\/h2><p data-start=\"4932\" data-end=\"5213\">A <strong data-start=\"4936\" data-end=\"4963\">Alugar uma casa no Paraguai<\/strong> conosco n\u00e3o significa apenas encontrar uma propriedade. Significa ter um parceiro confi\u00e1vel ao seu lado que lhe dar\u00e1 suporte abrangente. Nosso objetivo \u00e9 proporcionar a voc\u00ea uma loca\u00e7\u00e3o segura, agrad\u00e1vel e bem organizada.<\/p><p data-start=\"5215\" data-end=\"5486\">Somos o seu contato local - pessoal, confi\u00e1vel e com muitos anos de experi\u00eancia no mercado imobili\u00e1rio paraguaio.<br data-start=\"5343\" data-end=\"5346\" \/>N\u00e3o hesite em entrar em contato conosco. Agende sua visita hoje mesmo e descubra seu novo lar no Paraguai.<\/p><p data-start=\"5215\" data-end=\"5486\"><a href=\"https:\/\/paraguayinmobiliaria.com\/pt\/construcao-de-casas-no-paraguai-de-alta-qualidade\/\">Gostaria de alugar uma casa e come\u00e7ar a construir ao mesmo tempo? Clique aqui!<\/a><\/p><p data-start=\"5215\" data-end=\"5486\"><a href=\"https:\/\/haussittingparaguay.com\/\" target=\"_blank\" rel=\"noopener\">Voc\u00ea \u00e9 propriet\u00e1rio de um im\u00f3vel e est\u00e1 procurando algu\u00e9m para cuidar de sua propriedade? Clique aqui!<\/a><\/p>\t\t\t\t\t\t\t\t<\/div>\n\t\t\t\t<\/div>\n\t\t\t\t\t<\/div>\n\t\t<\/div>\n\t\t\t\t\t<\/div>\n\t\t<\/section>\n\t\t\t\t<section data-particle_enable=\"false\" data-particle-mobile-disabled=\"false\" class=\"elementor-section elementor-top-section elementor-element elementor-element-b8b9271 elementor-section-boxed elementor-section-height-default elementor-section-height-default\" data-id=\"b8b9271\" data-element_type=\"section\" data-e-type=\"section\">\n\t\t\t\t\t\t<div class=\"elementor-container elementor-column-gap-default\">\n\t\t\t\t\t<div class=\"elementor-column elementor-col-100 elementor-top-column elementor-element elementor-element-cfc892f\" data-id=\"cfc892f\" data-element_type=\"column\" data-e-type=\"column\">\n\t\t\t<div class=\"elementor-widget-wrap elementor-element-populated\">\n\t\t\t\t\t\t<div class=\"elementor-element elementor-element-405b5f2 elementor-widget elementor-widget-houzez_elementor_space\" data-id=\"405b5f2\" data-element_type=\"widget\" data-e-type=\"widget\" data-widget_type=\"houzez_elementor_space.default\">\n\t\t\t\t<div class=\"elementor-widget-container\">\n\t\t\t\t\t        <div class=\"houzez-spacer\">\n            <div class=\"houzez-spacer-inner\"><\/div>\n        <\/div>\n        \t\t\t\t<\/div>\n\t\t\t\t<\/div>\n\t\t\t\t\t<\/div>\n\t\t<\/div>\n\t\t\t\t\t<\/div>\n\t\t<\/section>\n\t\t\t\t<\/div>","protected":false},"excerpt":{"rendered":"<p>Haus mieten Paraguay Haus mieten Paraguay \u2013 Ihr zuverl\u00e4ssiger Partner f\u00fcr hochwertige Mietimmobilien und individuellen Service Wer ein Haus mieten in Paraguay m\u00f6chte, erwartet nicht nur ein sch\u00f6nes Objekt, sondern auch einen professionellen, transparenten und verl\u00e4sslichen Service. Genau das bietet Ihnen Paraguay Inmobiliaria. Wir begleiten Sie Schritt f\u00fcr Schritt auf dem Weg in Ihr neues [&hellip;]<\/p>\n","protected":false},"author":1,"featured_media":43221,"parent":0,"menu_order":0,"comment_status":"closed","ping_status":"closed","template":"template\/template-listing-grid-v1-fullwidth-3cols.php","meta":{"_surecart_dashboard_logo_width":"180px","_surecart_dashboard_show_logo":true,"_surecart_dashboard_navigation_orders":true,"_surecart_dashboard_navigation_invoices":true,"_surecart_dashboard_navigation_subscriptions":true,"_surecart_dashboard_navigation_downloads":true,"_surecart_dashboard_navigation_billing":true,"_surecart_dashboard_navigation_account":true,"footnotes":""},"class_list":["post-17595","page","type-page","status-publish","has-post-thumbnail","hentry"],"_links":{"self":[{"href":"https:\/\/paraguayinmobiliaria.com\/pt\/wp-json\/wp\/v2\/pages\/17595","targetHints":{"allow":["GET"]}}],"collection":[{"href":"https:\/\/paraguayinmobiliaria.com\/pt\/wp-json\/wp\/v2\/pages"}],"about":[{"href":"https:\/\/paraguayinmobiliaria.com\/pt\/wp-json\/wp\/v2\/types\/page"}],"author":[{"embeddable":true,"href":"https:\/\/paraguayinmobiliaria.com\/pt\/wp-json\/wp\/v2\/users\/1"}],"replies":[{"embeddable":true,"href":"https:\/\/paraguayinmobiliaria.com\/pt\/wp-json\/wp\/v2\/comments?post=17595"}],"version-history":[{"count":0,"href":"https:\/\/paraguayinmobiliaria.com\/pt\/wp-json\/wp\/v2\/pages\/17595\/revisions"}],"wp:featuredmedia":[{"embeddable":true,"href":"https:\/\/paraguayinmobiliaria.com\/pt\/wp-json\/wp\/v2\/media\/43221"}],"wp:attachment":[{"href":"https:\/\/paraguayinmobiliaria.com\/pt\/wp-json\/wp\/v2\/media?parent=17595"}],"curies":[{"name":"wp","href":"https:\/\/api.w.org\/{rel}","templated":true}]}}