{"id":18570,"date":"2023-01-04T02:12:55","date_gmt":"2023-01-04T02:12:55","guid":{"rendered":"https:\/\/paraguayinmobiliaria.com\/?page_id=18570"},"modified":"2025-11-22T12:00:32","modified_gmt":"2025-11-22T12:00:32","slug":"paraguay-haus-kaufen","status":"publish","type":"page","link":"https:\/\/paraguayinmobiliaria.com\/pt\/imoveis\/","title":{"rendered":"Im\u00f3veis"},"content":{"rendered":"<div data-elementor-type=\"wp-page\" data-elementor-id=\"18570\" class=\"elementor elementor-18570\" data-elementor-post-type=\"page\">\n\t\t\t\t\t\t<section data-particle_enable=\"false\" data-particle-mobile-disabled=\"false\" class=\"elementor-section elementor-top-section elementor-element elementor-element-58a0495 elementor-section-boxed elementor-section-height-default elementor-section-height-default\" data-id=\"58a0495\" data-element_type=\"section\" data-e-type=\"section\">\n\t\t\t\t\t\t<div class=\"elementor-container elementor-column-gap-default\">\n\t\t\t\t\t<div class=\"elementor-column elementor-col-100 elementor-top-column elementor-element elementor-element-8a13db8\" data-id=\"8a13db8\" data-element_type=\"column\" data-e-type=\"column\">\n\t\t\t<div class=\"elementor-widget-wrap elementor-element-populated\">\n\t\t\t\t\t\t<div class=\"elementor-element elementor-element-af8097d elementor-widget elementor-widget-houzez_elementor_space\" data-id=\"af8097d\" data-element_type=\"widget\" data-e-type=\"widget\" data-widget_type=\"houzez_elementor_space.default\">\n\t\t\t\t<div class=\"elementor-widget-container\">\n\t\t\t\t\t        <div class=\"houzez-spacer\">\n            <div class=\"houzez-spacer-inner\"><\/div>\n        <\/div>\n        \t\t\t\t<\/div>\n\t\t\t\t<\/div>\n\t\t\t\t\t<\/div>\n\t\t<\/div>\n\t\t\t\t\t<\/div>\n\t\t<\/section>\n\t\t\t\t<section data-particle_enable=\"false\" data-particle-mobile-disabled=\"false\" class=\"elementor-section elementor-top-section elementor-element elementor-element-178083b9 elementor-section-boxed elementor-section-height-default elementor-section-height-default\" data-id=\"178083b9\" data-element_type=\"section\" data-e-type=\"section\">\n\t\t\t\t\t\t<div class=\"elementor-container elementor-column-gap-default\">\n\t\t\t\t\t<div class=\"elementor-column elementor-col-100 elementor-top-column elementor-element elementor-element-9a9721b\" data-id=\"9a9721b\" data-element_type=\"column\" data-e-type=\"column\">\n\t\t\t<div class=\"elementor-widget-wrap elementor-element-populated\">\n\t\t\t\t\t\t<div class=\"elementor-element elementor-element-47ec6b6e elementor-widget elementor-widget-text-editor\" data-id=\"47ec6b6e\" data-element_type=\"widget\" data-e-type=\"widget\" data-widget_type=\"text-editor.default\">\n\t\t\t\t<div class=\"elementor-widget-container\">\n\t\t\t\t\t\t\t\t\t<h1><strong>casas no paraguai para alugar\u00a0 <\/strong><\/h1><h2><strong>- Seu sonho de ter sua pr\u00f3pria casa<\/strong><\/h2><p>Se voc\u00ea sonha em ter uma casa pr\u00f3pria em um belo pa\u00eds como o Paraguai, veio ao lugar certo. <strong>casas no paraguai para alugar<\/strong> e constru\u00ed-la - com nosso servi\u00e7o completo, esse sonho se torna realidade. N\u00f3s o ajudaremos a encontrar a propriedade perfeita ou a construir uma casa totalmente de acordo com suas ideias individuais.<\/p><h2><strong>Por que comprar uma casa no Paraguai?<\/strong><\/h2><p>O Paraguai lhe oferece muitas vantagens, seja o clima agrad\u00e1vel, a popula\u00e7\u00e3o amig\u00e1vel ou o custo de vida relativamente baixo. A <strong>casas no paraguai para alugar<\/strong> n\u00e3o significa apenas adquirir um novo lar, mas tamb\u00e9m investir em um futuro promissor. Se voc\u00ea est\u00e1 procurando um im\u00f3vel para si mesmo ou como investimento, temos a oferta certa para voc\u00ea.<\/p><h2><strong>Propriedade no Paraguai feita sob medida<\/strong><\/h2><p>Deseja um im\u00f3vel que atenda exatamente \u00e0s suas necessidades? Conosco, voc\u00ea pode n\u00e3o apenas encontrar um <strong>casas no paraguai para alugar<\/strong>mas tamb\u00e9m escolher um terreno e mandar construir uma casa personalizada nele. Isso lhe d\u00e1 uma casa que \u00e9 perfeitamente adaptada \u00e0s suas necessidades. Nossa equipe experiente o orientar\u00e1 em todas as fases da constru\u00e7\u00e3o, desde o planejamento at\u00e9 a conclus\u00e3o.<\/p><p><a style=\"background-color: #f8f8f8;\" href=\"https:\/\/paraguayinmobiliaria.com\/pt\/construcao-de-casas-no-paraguai-de-alta-qualidade\/\" target=\"_blank\" rel=\"noopener\">Clique aqui<\/a>\u00a0para obter mais informa\u00e7\u00f5es sobre nossos servi\u00e7os de constru\u00e7\u00e3o!<\/p><h2><strong>Servi\u00e7o completo para a compra de sua propriedade<\/strong><\/h2><p>A <strong>casas no paraguai para alugar<\/strong> \u00e9 um grande passo e queremos garantir que ele ocorra da forma mais tranquila poss\u00edvel. Nosso servi\u00e7o completo inclui:<\/p><ul><li>Conselhos sobre como escolher a propriedade certa.<\/li><li>Suporte em todas as quest\u00f5es jur\u00eddicas e financeiras.<\/li><li>Suporte desde o contato inicial at\u00e9 a assinatura do contrato.<\/li><li>Cuidados posteriores para que voc\u00ea se sinta confort\u00e1vel em sua nova casa.<\/li><\/ul><p>Voc\u00ea pode encontrar mais informa\u00e7\u00f5es sobre nosso servi\u00e7o no item de menu <strong>\"Sobre n\u00f3s\"<\/strong> ou em uma conversa pessoal conosco.<\/p><h2><strong>Informa\u00e7\u00f5es importantes sobre pagamento ao comprar uma casa no Paraguai<\/strong><\/h2><p>Ao comprar uma propriedade no Paraguai, alguns pagamentos devem ser feitos na moeda local, o guarani. Os valores correspondentes est\u00e3o indicados na descri\u00e7\u00e3o da propriedade e s\u00e3o baseados nas taxas de c\u00e2mbio atuais. Esses valores geralmente correspondem a um valor fixo em d\u00f3lares americanos. Entretanto, podem ocorrer pequenos desvios devido \u00e0s flutua\u00e7\u00f5es da taxa de c\u00e2mbio. Teremos prazer em orient\u00e1-lo para que essas etapas sejam o mais simples poss\u00edvel para voc\u00ea.<\/p><h2><strong>Op\u00e7\u00f5es de aluguel no Paraguai<\/strong><\/h2><p>Se voc\u00ea ainda n\u00e3o tem certeza se deseja um <strong>casas no paraguai para alugar<\/strong> voc\u00ea pode alugar um im\u00f3vel primeiro. Isso permite que voc\u00ea se familiarize com o pa\u00eds antes de decidir comprar.\u00a0<a href=\"https:\/\/paraguayinmobiliaria.com\/pt\/alugavel15\/\" target=\"_blank\" rel=\"noopener\">Clique aqui<\/a>para descobrir nossas ofertas de aluguel e encontrar o lar tempor\u00e1rio ideal.<\/p><h2><strong>Por que a Paraguay Inmobiliaria?<\/strong><\/h2><ul><li><strong>Experi\u00eancia local:<\/strong> Conhecemos o mercado imobili\u00e1rio do Paraguai por dentro e por fora e podemos lhe oferecer informa\u00e7\u00f5es valiosas.<\/li><li><strong>Servi\u00e7o personalizado:<\/strong> Seus desejos e necessidades est\u00e3o em primeiro plano para n\u00f3s.<\/li><li><strong>Muitos anos de experi\u00eancia:<\/strong> H\u00e1 muitos anos apoiamos os clientes em seu desejo de <strong>Paraguai casa para venda<\/strong>.<\/li><\/ul><h2><strong>Invista em seu futuro -\u00a0<\/strong><\/h2><h2><strong>Vende-se casa no Paraguai!<\/strong><\/h2><p>Comprar uma casa no Paraguai \u00e9 mais do que apenas um passo - \u00e9 um investimento em seu futuro. Com a Paraguay Inmobiliaria ao seu lado, esse processo ser\u00e1 simples, seguro e transparente. Se voc\u00ea est\u00e1 procurando uma casa para sua fam\u00edlia, uma casa de f\u00e9rias ou uma propriedade de investimento - n\u00f3s temos a solu\u00e7\u00e3o certa para voc\u00ea.<\/p><p>Aproveite a oportunidade para <strong>Paraguai casa para venda<\/strong>e experimentar as vantagens desse pa\u00eds fascinante. Somos seu parceiro confi\u00e1vel para acompanh\u00e1-lo nessa jornada. Entre em contato conosco hoje mesmo para saber mais sobre suas op\u00e7\u00f5es.<\/p><h2><strong>A propriedade dos seus sonhos no Paraguai come\u00e7a aqui!<\/strong><\/h2><h5><strong>Uma olhada na diversidade do Paraguai<\/strong><\/h5><p>O Paraguai \u00e9 um pa\u00eds cheio de oportunidades. Se voc\u00ea \u00e9 um <strong>casas no paraguai para alugar<\/strong>voc\u00ea n\u00e3o apenas se beneficiar\u00e1 de um novo lar, mas tamb\u00e9m da qualidade de vida \u00fanica do pa\u00eds. De cidades charmosas como Assun\u00e7\u00e3o a \u00e1reas rurais tranquilas, o Paraguai oferece algo para todos. O clima ameno e a cultura calorosa fazem do Paraguai um lugar ideal para comprar uma casa e se estabelecer. Inspire-se com a beleza desse pa\u00eds e realize seu sonho de ter uma casa pr\u00f3pria. <strong>Paraguai casa para venda<\/strong>em um ambiente que combina alegria de viver e relaxamento.<\/p><p><a href=\"https:\/\/haussittingparaguay.com\/\" target=\"_blank\" rel=\"noopener\">Est\u00e1 procurando algu\u00e9m para cuidar de sua propriedade? Clique aqui!<\/a><\/p>\t\t\t\t\t\t\t\t<\/div>\n\t\t\t\t<\/div>\n\t\t\t\t\t<\/div>\n\t\t<\/div>\n\t\t\t\t\t<\/div>\n\t\t<\/section>\n\t\t\t\t<section data-particle_enable=\"false\" data-particle-mobile-disabled=\"false\" class=\"elementor-section elementor-top-section elementor-element elementor-element-987834c elementor-section-boxed elementor-section-height-default elementor-section-height-default\" data-id=\"987834c\" data-element_type=\"section\" data-e-type=\"section\">\n\t\t\t\t\t\t<div class=\"elementor-container elementor-column-gap-default\">\n\t\t\t\t\t<div class=\"elementor-column elementor-col-100 elementor-top-column elementor-element elementor-element-1077a24\" data-id=\"1077a24\" data-element_type=\"column\" data-e-type=\"column\">\n\t\t\t<div class=\"elementor-widget-wrap elementor-element-populated\">\n\t\t\t\t\t\t<div class=\"elementor-element elementor-element-2142586 elementor-widget elementor-widget-houzez_elementor_space\" data-id=\"2142586\" data-element_type=\"widget\" data-e-type=\"widget\" data-widget_type=\"houzez_elementor_space.default\">\n\t\t\t\t<div class=\"elementor-widget-container\">\n\t\t\t\t\t        <div class=\"houzez-spacer\">\n            <div class=\"houzez-spacer-inner\"><\/div>\n        <\/div>\n        \t\t\t\t<\/div>\n\t\t\t\t<\/div>\n\t\t\t\t\t<\/div>\n\t\t<\/div>\n\t\t\t\t\t<\/div>\n\t\t<\/section>\n\t\t\t\t<\/div>","protected":false},"excerpt":{"rendered":"<p>Paraguay Haus kaufen\u00a0 \u2013 Ihr Traum vom Eigenheim Wenn Sie davon tr\u00e4umen, ein Haus in einem wundersch\u00f6nen Land wie Paraguay zu besitzen, sind Sie bei uns genau richtig. Paraguay Haus kaufen und bauen lassen \u2013 mit unserem Rundum-Service wird dieser Traum Wirklichkeit. Wir helfen Ihnen, die perfekte Immobilie zu finden oder ein Haus ganz nach [&hellip;]<\/p>\n","protected":false},"author":1,"featured_media":41468,"parent":0,"menu_order":0,"comment_status":"closed","ping_status":"closed","template":"template\/template-listing-grid-v1-fullwidth-3cols.php","meta":{"_surecart_dashboard_logo_width":"180px","_surecart_dashboard_show_logo":true,"_surecart_dashboard_navigation_orders":true,"_surecart_dashboard_navigation_invoices":true,"_surecart_dashboard_navigation_subscriptions":true,"_surecart_dashboard_navigation_downloads":true,"_surecart_dashboard_navigation_billing":true,"_surecart_dashboard_navigation_account":true,"footnotes":""},"class_list":["post-18570","page","type-page","status-publish","has-post-thumbnail","hentry"],"_links":{"self":[{"href":"https:\/\/paraguayinmobiliaria.com\/pt\/wp-json\/wp\/v2\/pages\/18570","targetHints":{"allow":["GET"]}}],"collection":[{"href":"https:\/\/paraguayinmobiliaria.com\/pt\/wp-json\/wp\/v2\/pages"}],"about":[{"href":"https:\/\/paraguayinmobiliaria.com\/pt\/wp-json\/wp\/v2\/types\/page"}],"author":[{"embeddable":true,"href":"https:\/\/paraguayinmobiliaria.com\/pt\/wp-json\/wp\/v2\/users\/1"}],"replies":[{"embeddable":true,"href":"https:\/\/paraguayinmobiliaria.com\/pt\/wp-json\/wp\/v2\/comments?post=18570"}],"version-history":[{"count":0,"href":"https:\/\/paraguayinmobiliaria.com\/pt\/wp-json\/wp\/v2\/pages\/18570\/revisions"}],"wp:featuredmedia":[{"embeddable":true,"href":"https:\/\/paraguayinmobiliaria.com\/pt\/wp-json\/wp\/v2\/media\/41468"}],"wp:attachment":[{"href":"https:\/\/paraguayinmobiliaria.com\/pt\/wp-json\/wp\/v2\/media?parent=18570"}],"curies":[{"name":"wp","href":"https:\/\/api.w.org\/{rel}","templated":true}]}}