{"id":19264,"date":"2023-02-03T02:01:26","date_gmt":"2023-02-03T02:01:26","guid":{"rendered":"https:\/\/paraguayinmobiliaria.com\/?page_id=19264"},"modified":"2025-11-21T22:26:17","modified_gmt":"2025-11-21T22:26:17","slug":"grundstucke","status":"publish","type":"page","link":"https:\/\/paraguayinmobiliaria.com\/pt\/lotes-de-terra\/","title":{"rendered":"Terrenos"},"content":{"rendered":"<div data-elementor-type=\"wp-page\" data-elementor-id=\"19264\" class=\"elementor elementor-19264\" data-elementor-post-type=\"page\">\n\t\t\t\t\t\t<section data-particle_enable=\"false\" data-particle-mobile-disabled=\"false\" class=\"elementor-section elementor-top-section elementor-element elementor-element-5135755 elementor-section-boxed elementor-section-height-default elementor-section-height-default\" data-id=\"5135755\" data-element_type=\"section\" data-e-type=\"section\">\n\t\t\t\t\t\t<div class=\"elementor-container elementor-column-gap-default\">\n\t\t\t\t\t<div class=\"elementor-column elementor-col-100 elementor-top-column elementor-element elementor-element-ec227aa\" data-id=\"ec227aa\" data-element_type=\"column\" data-e-type=\"column\">\n\t\t\t<div class=\"elementor-widget-wrap elementor-element-populated\">\n\t\t\t\t\t\t<div class=\"elementor-element elementor-element-aca7a2b elementor-widget elementor-widget-houzez_elementor_space\" data-id=\"aca7a2b\" data-element_type=\"widget\" data-e-type=\"widget\" data-widget_type=\"houzez_elementor_space.default\">\n\t\t\t\t<div class=\"elementor-widget-container\">\n\t\t\t\t\t        <div class=\"houzez-spacer\">\n            <div class=\"houzez-spacer-inner\"><\/div>\n        <\/div>\n        \t\t\t\t<\/div>\n\t\t\t\t<\/div>\n\t\t\t\t\t<\/div>\n\t\t<\/div>\n\t\t\t\t\t<\/div>\n\t\t<\/section>\n\t\t\t\t<section data-particle_enable=\"false\" data-particle-mobile-disabled=\"false\" class=\"elementor-section elementor-top-section elementor-element elementor-element-5d12fbb elementor-section-boxed elementor-section-height-default elementor-section-height-default\" data-id=\"5d12fbb\" data-element_type=\"section\" data-e-type=\"section\">\n\t\t\t\t\t\t<div class=\"elementor-container elementor-column-gap-default\">\n\t\t\t\t\t<div class=\"elementor-column elementor-col-100 elementor-top-column elementor-element elementor-element-9f7d370\" data-id=\"9f7d370\" data-element_type=\"column\" data-e-type=\"column\">\n\t\t\t<div class=\"elementor-widget-wrap elementor-element-populated\">\n\t\t\t\t\t\t<div class=\"elementor-element elementor-element-1f3fa4c elementor-widget elementor-widget-heading\" data-id=\"1f3fa4c\" data-element_type=\"widget\" data-e-type=\"widget\" data-widget_type=\"heading.default\">\n\t\t\t\t<div class=\"elementor-widget-container\">\n\t\t\t\t\t<h4 class=\"elementor-heading-title elementor-size-default\">Comprar um terreno no Paraguai e construir uma casa<\/h4>\t\t\t\t<\/div>\n\t\t\t\t<\/div>\n\t\t\t\t\t<\/div>\n\t\t<\/div>\n\t\t\t\t\t<\/div>\n\t\t<\/section>\n\t\t\t\t<section data-particle_enable=\"false\" data-particle-mobile-disabled=\"false\" class=\"elementor-section elementor-top-section elementor-element elementor-element-6013b817 elementor-section-boxed elementor-section-height-default elementor-section-height-default\" data-id=\"6013b817\" data-element_type=\"section\" data-e-type=\"section\">\n\t\t\t\t\t\t<div class=\"elementor-container elementor-column-gap-default\">\n\t\t\t\t\t<div class=\"elementor-column elementor-col-100 elementor-top-column elementor-element elementor-element-63e74f1d\" data-id=\"63e74f1d\" data-element_type=\"column\" data-e-type=\"column\">\n\t\t\t<div class=\"elementor-widget-wrap elementor-element-populated\">\n\t\t\t\t\t\t<div class=\"elementor-element elementor-element-48386786 elementor-widget elementor-widget-text-editor\" data-id=\"48386786\" data-element_type=\"widget\" data-e-type=\"widget\" data-widget_type=\"text-editor.default\">\n\t\t\t\t<div class=\"elementor-widget-container\">\n\t\t\t\t\t\t\t\t\t<p>Adquira sua nova propriedade no Paraguai com <strong>Paraguai Imobili\u00e1ria<\/strong>. Oferecemos a voc\u00ea uma sele\u00e7\u00e3o variada de propriedades em diferentes categorias e faixas de pre\u00e7o. Se voc\u00ea estiver procurando por um <strong>Comprar im\u00f3veis<\/strong> ou deseja construir uma casa diretamente - somos seu parceiro confi\u00e1vel.\u00a0<a href=\"https:\/\/paraguayinmobiliaria.com\/pt\/construcao-de-casas-no-paraguai-de-alta-qualidade\/\" target=\"_blank\" rel=\"noopener\">Clique aqui<\/a>para saber mais sobre as possibilidades de construir uma casa no Paraguai.<\/p>\n<p>Para obter mais informa\u00e7\u00f5es sobre a compra de sua propriedade, n\u00e3o hesite em entrar em contato conosco. Visite o item de menu \"Sobre n\u00f3s\" ou entre em contato conosco diretamente. N\u00f3s o acompanharemos desde a primeira reuni\u00e3o at\u00e9 a assinatura do contrato e al\u00e9m. Como seu contato local, estamos sempre ao seu lado.<\/p>\n<p>Observe que alguns pagamentos devem ser feitos em guarani. O respectivo valor est\u00e1 indicado na descri\u00e7\u00e3o da propriedade e corresponde ao valor atual em d\u00f3lares americanos. Podem ocorrer pequenos desvios devido a flutua\u00e7\u00f5es na taxa de c\u00e2mbio<a style=\"background-color: #f8f8f8;\" href=\"https:\/\/www.pic-a-house.com\/\" target=\"_blank\" rel=\"noopener\">.<\/a><\/p>\n<p>Voc\u00ea est\u00e1 interessado em comprar uma casa?\u00a0<a href=\"https:\/\/paraguayinmobiliaria.com\/pt\/imoveis\/\" target=\"_blank\" rel=\"noopener\">Clique aqui<\/a>para saber mais.\u00a0<\/p>\n<p><!-- \/wp:paragraph --><\/p>\n<p><!-- wp:paragraph --><\/p>\n<p><!-- \/wp:paragraph --><\/p>\t\t\t\t\t\t\t\t<\/div>\n\t\t\t\t<\/div>\n\t\t\t\t\t<\/div>\n\t\t<\/div>\n\t\t\t\t\t<\/div>\n\t\t<\/section>\n\t\t\t\t<section data-particle_enable=\"false\" data-particle-mobile-disabled=\"false\" class=\"elementor-section elementor-top-section elementor-element elementor-element-434f147 elementor-section-boxed elementor-section-height-default elementor-section-height-default\" data-id=\"434f147\" data-element_type=\"section\" data-e-type=\"section\">\n\t\t\t\t\t\t<div class=\"elementor-container elementor-column-gap-default\">\n\t\t\t\t\t<div class=\"elementor-column elementor-col-100 elementor-top-column elementor-element elementor-element-fd0bca2\" data-id=\"fd0bca2\" data-element_type=\"column\" data-e-type=\"column\">\n\t\t\t<div class=\"elementor-widget-wrap elementor-element-populated\">\n\t\t\t\t\t\t<div class=\"elementor-element elementor-element-66a3823 elementor-widget elementor-widget-houzez_elementor_space\" data-id=\"66a3823\" data-element_type=\"widget\" data-e-type=\"widget\" data-widget_type=\"houzez_elementor_space.default\">\n\t\t\t\t<div class=\"elementor-widget-container\">\n\t\t\t\t\t        <div class=\"houzez-spacer\">\n            <div class=\"houzez-spacer-inner\"><\/div>\n        <\/div>\n        \t\t\t\t<\/div>\n\t\t\t\t<\/div>\n\t\t\t\t\t<\/div>\n\t\t<\/div>\n\t\t\t\t\t<\/div>\n\t\t<\/section>\n\t\t\t\t<\/div>","protected":false},"excerpt":{"rendered":"<p>Paraguay Grundst\u00fcck kaufen und Haus bauen Erwerben Sie Ihr neues Grundst\u00fcck in Paraguay mit Paraguay Inmobiliaria. Wir bieten Ihnen eine vielf\u00e4ltige Auswahl an Grundst\u00fccken in unterschiedlichen Kategorien und Preisklassen. Ob Sie ein Grundst\u00fcck kaufen oder direkt ein Haus bauen m\u00f6chten \u2013 wir sind Ihr zuverl\u00e4ssiger Partner.\u00a0Klicken Sie hier, um mehr \u00fcber die M\u00f6glichkeiten des Hausbaus [&hellip;]<\/p>\n","protected":false},"author":1,"featured_media":19139,"parent":0,"menu_order":0,"comment_status":"closed","ping_status":"closed","template":"template\/template-listing-grid-v1-fullwidth-3cols.php","meta":{"footnotes":""},"class_list":["post-19264","page","type-page","status-publish","has-post-thumbnail","hentry"],"_links":{"self":[{"href":"https:\/\/paraguayinmobiliaria.com\/pt\/wp-json\/wp\/v2\/pages\/19264","targetHints":{"allow":["GET"]}}],"collection":[{"href":"https:\/\/paraguayinmobiliaria.com\/pt\/wp-json\/wp\/v2\/pages"}],"about":[{"href":"https:\/\/paraguayinmobiliaria.com\/pt\/wp-json\/wp\/v2\/types\/page"}],"author":[{"embeddable":true,"href":"https:\/\/paraguayinmobiliaria.com\/pt\/wp-json\/wp\/v2\/users\/1"}],"replies":[{"embeddable":true,"href":"https:\/\/paraguayinmobiliaria.com\/pt\/wp-json\/wp\/v2\/comments?post=19264"}],"version-history":[{"count":0,"href":"https:\/\/paraguayinmobiliaria.com\/pt\/wp-json\/wp\/v2\/pages\/19264\/revisions"}],"wp:featuredmedia":[{"embeddable":true,"href":"https:\/\/paraguayinmobiliaria.com\/pt\/wp-json\/wp\/v2\/media\/19139"}],"wp:attachment":[{"href":"https:\/\/paraguayinmobiliaria.com\/pt\/wp-json\/wp\/v2\/media?parent=19264"}],"curies":[{"name":"wp","href":"https:\/\/api.w.org\/{rel}","templated":true}]}}